{"id":1971,"date":"2026-01-20T12:08:23","date_gmt":"2026-01-20T12:08:23","guid":{"rendered":"https:\/\/coolzinoplay.com\/app\/"},"modified":"2026-03-13T08:35:59","modified_gmt":"2026-03-13T08:35:59","slug":"aplicacao","status":"publish","type":"page","link":"https:\/\/coolzinoplay.com\/pt-pt\/aplicacao\/","title":{"rendered":"Aplica\u00e7\u00e3o"},"content":{"rendered":"<h1>Aplica\u00e7\u00e3o Coolzino Casino<\/h1>\n<p>Se preferir jogar com conforto, a Coolzino Casino app \u00e9 a solu\u00e7\u00e3o perfeita. Gra\u00e7as \u00e0 otimiza\u00e7\u00e3o multi-dispositivo, beneficiar\u00e1 de sess\u00f5es sem falhas em qualquer dispositivo: Android ou iOS, smartphone ou tablet.<\/p>\n<p>Pode desfrutar de milhares de jogos e generosas ofertas de b\u00f3nus de todas as formas e tamanhos, tais como rodadas gr\u00e1tis e dinheiro.<\/p>\n<p>O casino online Coolzino \u00e9 uma das plataformas mais fi\u00e1veis em Portugal e noutros pa\u00edses, oferecendo servi\u00e7os profissionais e sess\u00f5es de jogo sem falhas.<\/p>\n<div class=\"banner-wrap\" aria-label=\"Banner\"><img src=\"https:\/\/coolzinoplay.com\/wp-content\/uploads\/2026\/03\/Main-banner-Desktop.webp\" class=\"w-100 d-none d-lg-block img-pc main-banner-img\" alt=\"Main banner - Desktop\" fetchpriority=\"high\" decoding=\"async\"><img src=\"https:\/\/coolzinoplay.com\/wp-content\/uploads\/2026\/03\/coolzino-banner-mobile.webp\" class=\"w-100 d-none d-md-block d-lg-none main-banner-img\" alt=\"coolzino banner mobile\" fetchpriority=\"high\" decoding=\"async\"><img src=\"https:\/\/coolzinoplay.com\/wp-content\/uploads\/2026\/03\/coolzino-banner-mobile.webp\" class=\"w-100 d-md-none\" alt=\"coolzino banner mobile\" fetchpriority=\"high\" decoding=\"async\"><div class=\"banner-description\">\n<div class=\"banner-title\">B\u00f3nus de Boas-Vindas<\/div>\n<p class=\"banner-header-title\">1500 \u20ac<\/p>\n<div class=\"banner-header-AdditionalText\">+ 250 Rodadas Gr\u00e1tis<\/div>\n<button data-item=\"homepage_banner_link\" class=\"goto m-button m-gradient-border m-button--primary m-button--large banner-button btn-orange\">\n            <div class=\"m-button-content\">\n                <span>Registe-se agora<\/span>\n                <span><\/span>\n            <\/div>\n        <\/button>\n<\/div>\n<div class=\"WelcomePack\">\n<p><img loading=\"lazy\" decoding=\"async\" class=\"alignnone size-full wp-image-1842\" src=\"https:\/\/coolzinoplay.com\/wp-content\/uploads\/2026\/03\/welcome-crown.png\" alt=\"welcome crown\" width=\"25\" height=\"26\" \/><\/p>\n<div class=\"WelcomePack-Info\">Cashback semanal at\u00e9 25%<\/div>\n<p><img loading=\"lazy\" decoding=\"async\" class=\"alignnone size-full wp-image-1842\" src=\"https:\/\/coolzinoplay.com\/wp-content\/uploads\/2026\/03\/welcome-crown.png\" alt=\"welcome crown\" width=\"25\" height=\"26\" \/><\/p>\n<\/div>\n<\/div>\n<h2>Benef\u00edcios<\/h2>\n<p>A aplica\u00e7\u00e3o Cool Zino oferece um servi\u00e7o de excel\u00eancia centrado na divers\u00e3o, na alegria e na fiabilidade para os jogadores do competitivo mercado dos casinos online. \u00c9 isso que nos torna \u00fanicos:<\/p>\n<ul>\n<li>Extensa Biblioteca de Jogos \u2013 Temos mais de 6.000 t\u00edtulos de alta qualidade para todos os gostos e n\u00edveis de habilidade. Existem jogos de slot visualmente deslumbrantes, tais como Gates of Olympus e Big Bass Splash, op\u00e7\u00f5es de habilidade como blackjack e as suas modifica\u00e7\u00f5es, bem como mesas de v\u00eddeo poker estrat\u00e9gicas, rondas de roleta e jogos ao vivo totalmente interactivos conduzidos por croupiers experientes.<\/li>\n<li>Sistema de B\u00f3nus Abundante \u2013 Comece com um generoso b\u00f3nus de boas-vindas de \u20ac1.500 e rodadas gr\u00e1tis nos jogos mais populares. Tire partido dos b\u00f3nus e promo\u00e7\u00f5es di\u00e1rios e semanais, dos incentivos de cashback e dos emocionantes torneios de alto risco. Os b\u00f3nus Coolzino podem dar um impulso \u00e0s suas sess\u00f5es de jogo, mesmo que seja um jogador profissional.<\/li>\n<li>Navega\u00e7\u00e3o F\u00e1cil \u2013 O software apresenta um design limpo e intuitivo com v\u00e1rias categorias, dicas personalizadas e defini\u00e7\u00f5es personaliz\u00e1veis. Gerir a sua conta e selecionar jogos \u00e9 simples, e n\u00f3s guiamo-lo em cada passo do caminho.<\/li>\n<li>Seguran\u00e7a de Alto N\u00edvel \u2013 A sua seguran\u00e7a est\u00e1 sempre em primeiro lugar. Protegemos os seus dados pessoais e financeiros utilizando as mais recentes tecnologias de encripta\u00e7\u00e3o e autentica\u00e7\u00e3o de dois factores. Como plataforma autorizada, oferecemos o mais alto n\u00edvel de seguran\u00e7a a todos os visitantes no telem\u00f3vel e no PC.<\/li>\n<li>Compatibilidade M\u00f3vel \u2013 O software est\u00e1 adaptado para um excelente desempenho em Android, iOS, Windows e macOS. Oferecemos uma jogabilidade ininterrupta e gr\u00e1ficos excecionais sem qualquer atraso ou limita\u00e7\u00f5es.<\/li>\n<li>Apoio ao Cliente \u2013 O apoio ao cliente est\u00e1 dispon\u00edvel 24 horas por dia, 7 dias por semana, independentemente do dispositivo que escolher. Os gestores est\u00e3o prontos para o ajudar atrav\u00e9s de chat ao vivo ou e-mail. Pode obter apoio ao cliente para quest\u00f5es t\u00e9cnicas e quaisquer outras quest\u00f5es junto da nossa simp\u00e1tica equipa.<\/li>\n<li>Actualiza\u00e7\u00f5es e Inova\u00e7\u00f5es Regulares \u2013 Introduzimos regularmente novos t\u00edtulos e promo\u00e7\u00f5es exclusivas. N\u00e3o h\u00e1 necessidade de descarregar a aplica\u00e7\u00e3o ou atualizar o software se utilizar o PWA. Este adapta-se \u00e0s prefer\u00eancias do utilizador, oferecendo sempre novas sess\u00f5es.<\/li>\n<\/ul>\n<p>O casino online Coolzino \u00e9 um destino de entretenimento de excel\u00eancia. Connosco, ir\u00e1 experimentar um novo padr\u00e3o em casinos m\u00f3veis.<\/p>\n<p><div class=\"scrollable-content-wrap my-5\"><div class=\"scrollable-content-inner\"><h2>Cool Zino Casino APK<\/h2>\n<p>Come\u00e7ar a utilizar a aplica\u00e7\u00e3o Coolzino Casino no Android \u00e9 simples e seguro. Siga estes passos simples para ter jogos de casino premium e funcionalidades fascinantes na ponta dos seus dedos.<\/p>\n<table>\n<tbody>\n<tr>\n<td>Etapa<\/td>\n<td>Detalhes<\/td>\n<\/tr>\n<tr>\n<td>Acede ao site oficial da Coolzino<\/td>\n<td>Visita o site da Coolzino no teu telem\u00f3vel ou tablet Android. Isto garante que est\u00e1s a instalar a aplica\u00e7\u00e3o m\u00f3vel oficial com as \u00faltimas atualiza\u00e7\u00f5es e m\u00e1xima seguran\u00e7a.<\/td>\n<\/tr>\n<tr>\n<td>Encontra o bot\u00e3o \u201cCoolzino Casino App\u201d<\/td>\n<td>A p\u00e1gina web normalmente tem um bot\u00e3o em destaque \u201cCoolzino Casino App\u201d no topo ou abaixo de um banner. Toca nele para iniciar o download da Coolzino.<\/td>\n<\/tr>\n<tr>\n<td>Descarrega o APK<\/td>\n<td>Ao selecionares a op\u00e7\u00e3o, o teu navegador ser\u00e1 direcionado para o site da Coolzino para descarregar o ficheiro APK. Confirma o download e permite esta fonte no navegador, se for solicitado.<\/td>\n<\/tr>\n<tr>\n<td>Altera as Defini\u00e7\u00f5es do Dispositivo (apenas na primeira instala\u00e7\u00e3o)<\/td>\n<td>Vai a Defini\u00e7\u00f5es &gt; Seguran\u00e7a ou Privacidade (depende da vers\u00e3o do Android). Ativa \u201cInstalar apps desconhecidas\u201d ou \u201cPermitir desta fonte\u201d para permitir a instala\u00e7\u00e3o de apps fora da Google Play.<\/td>\n<\/tr>\n<tr>\n<td>Instala o APK<\/td>\n<td>Localiza e toca no ficheiro APK da Coolzino descarregado, que estar\u00e1 na pasta de Downloads ou no painel de notifica\u00e7\u00f5es. Segue as instru\u00e7\u00f5es no ecr\u00e3 para concluir a instala\u00e7\u00e3o.<\/td>\n<\/tr>\n<tr>\n<td>Inicia a App<\/td>\n<td>O \u00edcone da Coolzino ir\u00e1 aparecer na gaveta de aplica\u00e7\u00f5es ou no ecr\u00e3 inicial. Abre a aplica\u00e7\u00e3o, inicia sess\u00e3o ou regista-te e come\u00e7a a jogar os teus t\u00edtulos favoritos!<\/td>\n<\/tr>\n<\/tbody>\n<\/table>\n<h3>Otimizado para Android<\/h3>\n<p>A aplica\u00e7\u00e3o Coolzino funciona bem em muitos dispositivos Android, desde os topo de gama aos mais econ\u00f3micos. Os utilizadores podem desfrutar de uma experi\u00eancia de jogo consistente e envolvente gra\u00e7as ao seu design reativo que se adapta a ecr\u00e3s de todos os tamanhos e resolu\u00e7\u00f5es.<\/p>\n<h3>Sempre atualizado e seguro<\/h3>\n<p>As actualiza\u00e7\u00f5es APK incluem frequentemente:<\/p>\n<ul>\n<li>Os mais recentes padr\u00f5es de seguran\u00e7a<\/li>\n<li>Melhorias de desempenho e correc\u00e7\u00f5es de erros<\/li>\n<li>Novos jogos e funcionalidades<\/li>\n<\/ul>\n<p>Isto permite-lhe desfrutar do software mais seguro e rico em funcionalidades sem ter de verificar manualmente se existem actualiza\u00e7\u00f5es.<\/p>\n<p>Jogos de azar de alta qualidade e uma plataforma com uma interface de utilizador esteticamente agrad\u00e1vel est\u00e3o na ponta dos seus dedos com o casino online Coolzino para Android.<\/p>\n<p>Siga as instru\u00e7\u00f5es acima para jogar slots, jogos de mesa, crupi\u00eas ao vivo e obter recompensas incr\u00edveis como rodadas gr\u00e1tis e b\u00f3nus de boas-vindas de \u20ac1.500 no seu smartphone Android.<\/p>\n<p><img loading=\"lazy\" decoding=\"async\" src=\"https:\/\/coolzinoplay.com\/wp-content\/uploads\/2026\/03\/Coolzino-Android-App.webp\" alt=\"Coolzino Android App\" width=\"1248\" height=\"536\" \/><\/p>\n<\/div><\/div><div style=\"clear: both\"><\/div><div class=\"d-flex justify-content-center\"><button data-item=\"decouvrez_link\" data-group=\"website_links\" class=\"goto fw-bold rounded-pill btn btn-orange\" aria-label=\"Descarregue a aplica\u00e7\u00e3o Coolzino\" >Descarregue a aplica\u00e7\u00e3o Coolzino<\/button><\/div><div class=\"scrollable-content-wrap my-5\"><div class=\"scrollable-content-inner\"><h2>Aplica\u00e7\u00e3o Coolzino Casino para o seu dispositivo iOS<\/h2>\n<p>Oferecemos v\u00e1rias formas f\u00e1ceis de instalar o software no seu dispositivo iOS. Pode simplesmente clicar no bot\u00e3o correspondente no s\u00edtio Web oficial e transferir o PWA ou executar as seguintes ac\u00e7\u00f5es:<\/p>\n<ol>\n<li>Abra o browser Safari.<\/li>\n<li>Clique no bot\u00e3o \u201cPartilhar\u201d.<\/li>\n<li>Selecione \u201cAdicionar ao ecr\u00e3 inicial\u201d.<\/li>\n<li>Introduza o nome do seu \u00edcone.<\/li>\n<\/ol>\n<p>A instala\u00e7\u00e3o demora menos de um minuto, por isso certifique-se de que a sua liga\u00e7\u00e3o \u00e0 Internet \u00e9 fi\u00e1vel.<\/p>\n<p>O \u00edcone da aplica\u00e7\u00e3o Coolzino aparecer\u00e1 no seu ecr\u00e3 inicial ap\u00f3s a instala\u00e7\u00e3o. Inicie e jogue com o software tocando nele.<\/p>\n<h3>Otimiza\u00e7\u00e3o para iOS<\/h3>\n<p>A aplica\u00e7\u00e3o Cool Zino para iOS oferece as seguintes vantagens:<\/p>\n<ul>\n<li>Otimiza\u00e7\u00e3o da bateria para sess\u00f5es de jogo prolongadas sem esgotar o seu smartphone.<\/li>\n<li>Anima\u00e7\u00f5es suaves e controlos t\u00e1cteis intuitivos para uma jogabilidade envolvente.<\/li>\n<li>As actualiza\u00e7\u00f5es regulares atrav\u00e9s da App Store garantem a compatibilidade com as vers\u00f5es mais recentes do iOS e adicionam novas funcionalidades e melhorias.<\/li>\n<\/ul>\n<p>A aplica\u00e7\u00e3o Coolzino traz a a\u00e7\u00e3o do casino online de alta qualidade para o seu iPhone ou iPad com um desempenho suave e um design intuitivo.<\/p>\n<p><img loading=\"lazy\" decoding=\"async\" src=\"https:\/\/coolzinoplay.com\/wp-content\/uploads\/2026\/03\/Coolzino-iOS-App.webp\" alt=\"Coolzino iOS App\" width=\"1248\" height=\"536\" \/><\/p>\n<\/div><\/div><div style=\"clear: both\"><\/div><div class=\"d-flex justify-content-center\"><button data-item=\"decouvrez_link\" data-group=\"website_links\" class=\"goto fw-bold rounded-pill btn btn-orange\" aria-label=\"Descarregue Coolzino\" >Descarregue Coolzino<\/button><\/div><div class=\"scrollable-content-wrap my-5\"><div class=\"scrollable-content-inner\"><h2>Aplica\u00e7\u00e3o Coolzino Casino para Windows\/macOS<\/h2>\n<p>Os utilizadores de computadores t\u00eam muitas op\u00e7\u00f5es f\u00e1ceis de acesso ao Cool Zino:<\/p>\n<h3>Acesso pelo navegador<\/h3>\n<p>A forma mais f\u00e1cil de visitar o Cool Zino no Windows e no macOS \u00e9 atrav\u00e9s do navegador Web da sua escolha:<\/p>\n<ol>\n<li>Inicie o Chrome, Safari, Firefox, Edge, etc.<\/li>\n<li>Visite o s\u00edtio Web do Cool Zino.<\/li>\n<li>Os visitantes pela primeira vez podem criar uma conta ou iniciar sess\u00e3o.<\/li>\n<li>N\u00e3o \u00e9 necess\u00e1rio descarregar nada para jogar a experi\u00eancia completa do casino para computador.<\/li>\n<\/ol>\n<p>A vers\u00e3o para browser tem os mesmos jogos e funcionalidades que as aplica\u00e7\u00f5es m\u00f3veis e adapta-se ao tamanho do seu ecr\u00e3.<\/p>\n<h3>Aplicativo para desktop<\/h3>\n<p>Para utilizadores de computador dedicados:<\/p>\n<ul>\n<li>Aceda ao Coolzino Casino no Windows ou macOS.<\/li>\n<li>Localize a \u00e1rea \u201cCasino App\u201d na parte inferior ou no menu principal.<\/li>\n<li>Descarregue o instalador espec\u00edfico para o seu sistema operativo.<\/li>\n<li>Conclua a configura\u00e7\u00e3o executando o instalador e seguindo as instru\u00e7\u00f5es no ecr\u00e3.<\/li>\n<li>Utilize o atalho no ambiente de trabalho ou a pasta do programa para o iniciar.<\/li>\n<\/ul>\n<p>O software de ambiente de trabalho tem tempos de carregamento mais r\u00e1pidos, actualiza\u00e7\u00f5es autom\u00e1ticas e notifica\u00e7\u00f5es de promo\u00e7\u00f5es e torneios.<\/p>\n<p><img loading=\"lazy\" decoding=\"async\" src=\"https:\/\/coolzinoplay.com\/wp-content\/uploads\/2026\/03\/Coolzino-Desktop.webp\" alt=\"Coolzino Desktop\" width=\"1248\" height=\"536\" \/><\/p>\n<\/div><\/div><div style=\"clear: both\"><\/div><div class=\"d-flex justify-content-center\"><button data-item=\"decouvrez_link\" data-group=\"website_links\" class=\"goto fw-bold rounded-pill btn btn-orange\" aria-label=\"Descarregue a aplica\u00e7\u00e3o Coolzino\" >Descarregue a aplica\u00e7\u00e3o Coolzino<\/button><\/div><div class=\"scrollable-content-wrap my-5\"><div class=\"scrollable-content-inner\"><h2>FAQ<\/h2>\n<h3>O servi\u00e7o de apoio ao cliente est\u00e1 dispon\u00edvel?<\/h3>\n<p>Sim, a aplica\u00e7\u00e3o oferece um atendimento ao cliente abrangente. As quest\u00f5es sobre contas, levantamentos e jogos podem ser resolvidas por profissionais de apoio qualificados atrav\u00e9s do apoio por chat ao vivo 24 horas por dia, 7 dias por semana, com apenas alguns toques. Tamb\u00e9m est\u00e1 dispon\u00edvel apoio por e-mail para quest\u00f5es complexas e uma sec\u00e7\u00e3o abrangente de FAQ sobre o software.<\/p>\n<h3>Existe um aplicativo Cool Zino Casino para Windows e macOS?<\/h3>\n<p>O nosso casino online suporta computadores de secret\u00e1ria Windows e macOS. A maioria dos utilizadores de computadores de secret\u00e1ria prefere a vers\u00e3o baseada no navegador que n\u00e3o requer downloads.<\/p>\n<h3>Preciso de uma conta para usar a aplica\u00e7\u00e3o Coolzino Casino?<\/h3>\n<p>\u00c9 necess\u00e1ria uma conta para tirar o m\u00e1ximo partido da aplica\u00e7\u00e3o CoolZino. O software pode ser descarregado e instalado sem registo, mas \u00e9 necess\u00e1rio iniciar sess\u00e3o para jogar, reclamar b\u00f3nus ou fazer dep\u00f3sitos. O processo de registo demora apenas alguns minutos e requer muito pouca informa\u00e7\u00e3o. As credenciais da sua conta registada funcionam em todas as plataformas, proporcionando uma experi\u00eancia de jogo tranquila no telem\u00f3vel e no computador.<\/p>\n<h3>Posso jogar jogos de casino ao vivo na aplica\u00e7\u00e3o Coolzino Casino?<\/h3>\n<p>Sim, a aplica\u00e7\u00e3o Cool Zino Casino tem v\u00e1rios t\u00edtulos de sec\u00e7\u00e3o ao vivo. Os utilizadores podem transmitir croupiers reais em HD para os seus dispositivos m\u00f3veis para experi\u00eancias de casino realistas. Blackjack, roleta, baccarat e diversas variantes de p\u00f3quer est\u00e3o dispon\u00edveis no casino ao vivo da aplica\u00e7\u00e3o com croupiers experientes e jogos interactivos. A transmiss\u00e3o ao vivo funciona bem em redes 4G gra\u00e7as \u00e0 otimiza\u00e7\u00e3o m\u00f3vel.<\/p>\n<h3>Todos os jogos est\u00e3o dispon\u00edveis na aplica\u00e7\u00e3o?<\/h3>\n<p>A aplica\u00e7\u00e3o m\u00f3vel Coolzino oferece a maioria dos jogos do s\u00edtio Web. O software oferece mais de 6.000 slots emocionantes, t\u00edtulos de mesa e jogos com croupiers ao vivo dos melhores fornecedores. Alguns jogos mais antigos que n\u00e3o est\u00e3o optimizados para dispositivos m\u00f3veis podem estar dispon\u00edveis apenas em PCs. Novos t\u00edtulos optimizados para dispositivos m\u00f3veis s\u00e3o lan\u00e7ados semanalmente na aplica\u00e7\u00e3o, oferecendo aos utilizadores m\u00f3veis as \u00faltimas inova\u00e7\u00f5es em mat\u00e9ria de jogos.<\/p>\n<h3>Como atualizar a aplica\u00e7\u00e3o Cool Zino Casino?<\/h3>\n<p>As actualiza\u00e7\u00f5es do software do casino online Coolzino s\u00e3o f\u00e1ceis e necess\u00e1rias para um desempenho \u00f3timo. O software para Android e iOS \u00e9 normalmente atualizado automaticamente se instalar o nosso PWA ou adicionar um \u00edcone de atalho.<\/p>\n<h3>Como levantar os ganhos atrav\u00e9s da aplica\u00e7\u00e3o?<\/h3>\n<p>A aplica\u00e7\u00e3o do Cool Zino Casino torna o levantamento dos ganhos seguro e f\u00e1cil. V\u00e1 a Banca na aplica\u00e7\u00e3o e clique em \u201cLevantar\u201d. Selecione um m\u00e9todo de levantamento entre transfer\u00eancias banc\u00e1rias, carteiras electr\u00f3nicas e cart\u00f5es de cr\u00e9dito\/d\u00e9bito. Introduza o montante do levantamento (conforme necess\u00e1rio) e confirme. A maioria dos pedidos de levantamento \u00e9 processada no prazo de 24 horas, embora os tempos do sistema de pagamento variem. As informa\u00e7\u00f5es de pagamento s\u00e3o guardadas de forma segura, acelerando os levantamentos futuros.<\/p>\n<\/div><\/div><\/p>\n","protected":false},"excerpt":{"rendered":"<p>Aplica\u00e7\u00e3o Coolzino Casino Se preferir jogar com conforto, a Coolzino Casino app \u00e9 a solu\u00e7\u00e3o perfeita. Gra\u00e7as \u00e0 otimiza\u00e7\u00e3o multi-dispositivo, beneficiar\u00e1 de sess\u00f5es sem falhas em qualquer dispositivo: Android ou iOS, smartphone ou tablet. Pode desfrutar de milhares de jogos e generosas ofertas de b\u00f3nus de todas as formas e tamanhos, tais como rodadas gr\u00e1tis [&hellip;]<\/p>\n","protected":false},"author":1,"featured_media":0,"parent":0,"menu_order":0,"comment_status":"closed","ping_status":"closed","template":"template-builder.php","meta":{"_acf_changed":false,"inline_featured_image":false,"footnotes":""},"class_list":["post-1971","page","type-page","status-publish","hentry"],"acf":[],"yoast_head":"<!-- This site is optimized with the Yoast SEO plugin v27.3 - https:\/\/yoast.com\/product\/yoast-seo-wordpress\/ -->\n<title>App do Coolzino Casino | Android, iOS e Windows em Portugal<\/title>\n<meta name=\"description\" content=\"Jogue 6000+ slots, mesas &amp; crupi\u00eas ao vivo no Android, iOS, Windows &amp; macOS com a App do Coolzino Casino. B\u00f3nus de boas-vindas, pagamentos r\u00e1pidos &amp; suporte 24\/7\" \/>\n<meta name=\"robots\" content=\"index, follow, max-snippet:-1, max-image-preview:large, max-video-preview:-1\" \/>\n<link rel=\"canonical\" href=\"https:\/\/coolzinoplay.com\/pt-pt\/aplicacao\/\" \/>\n<meta property=\"og:locale\" content=\"pt_PT\" \/>\n<meta property=\"og:type\" content=\"article\" \/>\n<meta property=\"og:title\" content=\"App do Coolzino Casino | Android, iOS e Windows em Portugal\" \/>\n<meta property=\"og:description\" content=\"Jogue 6000+ slots, mesas &amp; crupi\u00eas ao vivo no Android, iOS, Windows &amp; macOS com a App do Coolzino Casino. B\u00f3nus de boas-vindas, pagamentos r\u00e1pidos &amp; suporte 24\/7\" \/>\n<meta property=\"og:url\" content=\"https:\/\/coolzinoplay.com\/pt-pt\/aplicacao\/\" \/>\n<meta property=\"og:site_name\" content=\"coolzino\" \/>\n<meta property=\"article:modified_time\" content=\"2026-03-13T08:35:59+00:00\" \/>\n<meta name=\"twitter:card\" content=\"summary_large_image\" \/>\n<meta name=\"twitter:label1\" content=\"Est. reading time\" \/>\n\t<meta name=\"twitter:data1\" content=\"3 minutos\" \/>\n<script type=\"application\/ld+json\" class=\"yoast-schema-graph\">{\"@context\":\"https:\\\/\\\/schema.org\",\"@graph\":[{\"@type\":\"WebPage\",\"@id\":\"https:\\\/\\\/coolzinoplay.com\\\/pt-pt\\\/aplicacao\\\/\",\"url\":\"https:\\\/\\\/coolzinoplay.com\\\/pt-pt\\\/aplicacao\\\/\",\"name\":\"App do Coolzino Casino | Android, iOS e Windows em Portugal\",\"isPartOf\":{\"@id\":\"https:\\\/\\\/coolzinoplay.com\\\/pt-pt\\\/#website\"},\"datePublished\":\"2026-01-20T12:08:23+00:00\",\"dateModified\":\"2026-03-13T08:35:59+00:00\",\"description\":\"Jogue 6000+ slots, mesas & crupi\u00eas ao vivo no Android, iOS, Windows & macOS com a App do Coolzino Casino. B\u00f3nus de boas-vindas, pagamentos r\u00e1pidos & suporte 24\\\/7\",\"breadcrumb\":{\"@id\":\"https:\\\/\\\/coolzinoplay.com\\\/pt-pt\\\/aplicacao\\\/#breadcrumb\"},\"inLanguage\":\"pt-PT\",\"potentialAction\":[{\"@type\":\"ReadAction\",\"target\":[\"https:\\\/\\\/coolzinoplay.com\\\/pt-pt\\\/aplicacao\\\/\"]}]},{\"@type\":\"BreadcrumbList\",\"@id\":\"https:\\\/\\\/coolzinoplay.com\\\/pt-pt\\\/aplicacao\\\/#breadcrumb\",\"itemListElement\":[{\"@type\":\"ListItem\",\"position\":1,\"name\":\"Coolzino\",\"item\":\"https:\\\/\\\/coolzinoplay.com\\\/pt-pt\\\/\"},{\"@type\":\"ListItem\",\"position\":2,\"name\":\"Aplica\u00e7\u00e3o\"}]},{\"@type\":\"WebSite\",\"@id\":\"https:\\\/\\\/coolzinoplay.com\\\/pt-pt\\\/#website\",\"url\":\"https:\\\/\\\/coolzinoplay.com\\\/pt-pt\\\/\",\"name\":\"Coolzino\",\"description\":\"\",\"publisher\":{\"@id\":\"https:\\\/\\\/coolzinoplay.com\\\/pt-pt\\\/#organization\"},\"potentialAction\":[{\"@type\":\"SearchAction\",\"target\":{\"@type\":\"EntryPoint\",\"urlTemplate\":\"https:\\\/\\\/coolzinoplay.com\\\/pt-pt\\\/?s={search_term_string}\"},\"query-input\":{\"@type\":\"PropertyValueSpecification\",\"valueRequired\":true,\"valueName\":\"search_term_string\"}}],\"inLanguage\":\"pt-PT\"},{\"@type\":\"Organization\",\"@id\":\"https:\\\/\\\/coolzinoplay.com\\\/pt-pt\\\/#organization\",\"name\":\"Coolzino\",\"url\":\"https:\\\/\\\/coolzinoplay.com\\\/pt-pt\\\/\",\"logo\":{\"@type\":\"ImageObject\",\"inLanguage\":\"pt-PT\",\"@id\":\"https:\\\/\\\/coolzinoplay.com\\\/pt-pt\\\/#\\\/schema\\\/logo\\\/image\\\/\",\"url\":\"https:\\\/\\\/coolzinoplay.com\\\/wp-content\\\/uploads\\\/2026\\\/03\\\/Logo-Desktop.png\",\"contentUrl\":\"https:\\\/\\\/coolzinoplay.com\\\/wp-content\\\/uploads\\\/2026\\\/03\\\/Logo-Desktop.png\",\"width\":208,\"height\":42,\"caption\":\"Coolzino\"},\"image\":{\"@id\":\"https:\\\/\\\/coolzinoplay.com\\\/pt-pt\\\/#\\\/schema\\\/logo\\\/image\\\/\"}}]}<\/script>\n<!-- \/ Yoast SEO plugin. -->","yoast_head_json":{"title":"App do Coolzino Casino | Android, iOS e Windows em Portugal","description":"Jogue 6000+ slots, mesas & crupi\u00eas ao vivo no Android, iOS, Windows & macOS com a App do Coolzino Casino. B\u00f3nus de boas-vindas, pagamentos r\u00e1pidos & suporte 24\/7","robots":{"index":"index","follow":"follow","max-snippet":"max-snippet:-1","max-image-preview":"max-image-preview:large","max-video-preview":"max-video-preview:-1"},"canonical":"https:\/\/coolzinoplay.com\/pt-pt\/aplicacao\/","og_locale":"pt_PT","og_type":"article","og_title":"App do Coolzino Casino | Android, iOS e Windows em Portugal","og_description":"Jogue 6000+ slots, mesas & crupi\u00eas ao vivo no Android, iOS, Windows & macOS com a App do Coolzino Casino. B\u00f3nus de boas-vindas, pagamentos r\u00e1pidos & suporte 24\/7","og_url":"https:\/\/coolzinoplay.com\/pt-pt\/aplicacao\/","og_site_name":"coolzino","article_modified_time":"2026-03-13T08:35:59+00:00","twitter_card":"summary_large_image","twitter_misc":{"Est. reading time":"3 minutos"},"schema":{"@context":"https:\/\/schema.org","@graph":[{"@type":"WebPage","@id":"https:\/\/coolzinoplay.com\/pt-pt\/aplicacao\/","url":"https:\/\/coolzinoplay.com\/pt-pt\/aplicacao\/","name":"App do Coolzino Casino | Android, iOS e Windows em Portugal","isPartOf":{"@id":"https:\/\/coolzinoplay.com\/pt-pt\/#website"},"datePublished":"2026-01-20T12:08:23+00:00","dateModified":"2026-03-13T08:35:59+00:00","description":"Jogue 6000+ slots, mesas & crupi\u00eas ao vivo no Android, iOS, Windows & macOS com a App do Coolzino Casino. B\u00f3nus de boas-vindas, pagamentos r\u00e1pidos & suporte 24\/7","breadcrumb":{"@id":"https:\/\/coolzinoplay.com\/pt-pt\/aplicacao\/#breadcrumb"},"inLanguage":"pt-PT","potentialAction":[{"@type":"ReadAction","target":["https:\/\/coolzinoplay.com\/pt-pt\/aplicacao\/"]}]},{"@type":"BreadcrumbList","@id":"https:\/\/coolzinoplay.com\/pt-pt\/aplicacao\/#breadcrumb","itemListElement":[{"@type":"ListItem","position":1,"name":"Coolzino","item":"https:\/\/coolzinoplay.com\/pt-pt\/"},{"@type":"ListItem","position":2,"name":"Aplica\u00e7\u00e3o"}]},{"@type":"WebSite","@id":"https:\/\/coolzinoplay.com\/pt-pt\/#website","url":"https:\/\/coolzinoplay.com\/pt-pt\/","name":"Coolzino","description":"","publisher":{"@id":"https:\/\/coolzinoplay.com\/pt-pt\/#organization"},"potentialAction":[{"@type":"SearchAction","target":{"@type":"EntryPoint","urlTemplate":"https:\/\/coolzinoplay.com\/pt-pt\/?s={search_term_string}"},"query-input":{"@type":"PropertyValueSpecification","valueRequired":true,"valueName":"search_term_string"}}],"inLanguage":"pt-PT"},{"@type":"Organization","@id":"https:\/\/coolzinoplay.com\/pt-pt\/#organization","name":"Coolzino","url":"https:\/\/coolzinoplay.com\/pt-pt\/","logo":{"@type":"ImageObject","inLanguage":"pt-PT","@id":"https:\/\/coolzinoplay.com\/pt-pt\/#\/schema\/logo\/image\/","url":"https:\/\/coolzinoplay.com\/wp-content\/uploads\/2026\/03\/Logo-Desktop.png","contentUrl":"https:\/\/coolzinoplay.com\/wp-content\/uploads\/2026\/03\/Logo-Desktop.png","width":208,"height":42,"caption":"Coolzino"},"image":{"@id":"https:\/\/coolzinoplay.com\/pt-pt\/#\/schema\/logo\/image\/"}}]}},"_links":{"self":[{"href":"https:\/\/coolzinoplay.com\/pt-pt\/wp-json\/wp\/v2\/pages\/1971","targetHints":{"allow":["GET"]}}],"collection":[{"href":"https:\/\/coolzinoplay.com\/pt-pt\/wp-json\/wp\/v2\/pages"}],"about":[{"href":"https:\/\/coolzinoplay.com\/pt-pt\/wp-json\/wp\/v2\/types\/page"}],"author":[{"embeddable":true,"href":"https:\/\/coolzinoplay.com\/pt-pt\/wp-json\/wp\/v2\/users\/1"}],"replies":[{"embeddable":true,"href":"https:\/\/coolzinoplay.com\/pt-pt\/wp-json\/wp\/v2\/comments?post=1971"}],"version-history":[{"count":2,"href":"https:\/\/coolzinoplay.com\/pt-pt\/wp-json\/wp\/v2\/pages\/1971\/revisions"}],"predecessor-version":[{"id":2083,"href":"https:\/\/coolzinoplay.com\/pt-pt\/wp-json\/wp\/v2\/pages\/1971\/revisions\/2083"}],"wp:attachment":[{"href":"https:\/\/coolzinoplay.com\/pt-pt\/wp-json\/wp\/v2\/media?parent=1971"}],"curies":[{"name":"wp","href":"https:\/\/api.w.org\/{rel}","templated":true}]}}