{"id":1445,"date":"2026-01-20T12:08:23","date_gmt":"2026-01-20T12:08:23","guid":{"rendered":"https:\/\/bonuskongcasino.com\/app\/"},"modified":"2026-03-13T07:13:01","modified_gmt":"2026-03-13T07:13:01","slug":"applicazione","status":"publish","type":"page","link":"https:\/\/coolzinoplay.com\/it\/applicazione\/","title":{"rendered":"Applicazione"},"content":{"rendered":"<h1>App Coolzino Casino<\/h1>\n<p>Coolzino Casino app \u00e8 la tua porta d\u2019accesso al gioco ininterrotto ovunque tu sia. Grazie all\u2019ottimizzazione multi-dispositivo, i giocatori possono godersi sessioni senza interruzioni su qualsiasi dispositivo, qualunque sia la loro preferenza: Android o iOS, smartphone o tablet.<\/p>\n<p>Mentre aspetti l\u2019autobus, ti riposi a casa o fai una pausa dal lavoro, l\u2019app mobile Cool Zino ti permette di accedere rapidamente a migliaia di giochi interessanti e bonus lucrativi, proprio come nella versione desktop.<\/p>\n<p>Coolzino casino online, una delle applicazioni per casin\u00f2 pi\u00f9 intuitive, \u00e8 stato attentamente progettato per offrire una navigazione semplice, tempi di caricamento rapidi e opzioni di pagamento sicure come carte di credito e criptovalute.<\/p>\n<div class=\"banner-wrap\" aria-label=\"Banner\"><img src=\"https:\/\/coolzinoplay.com\/wp-content\/uploads\/2026\/03\/Main-banner-Desktop.webp\" class=\"w-100 d-none d-lg-block img-pc main-banner-img\" alt=\"Main banner - Desktop\" fetchpriority=\"high\" decoding=\"async\"><img src=\"https:\/\/coolzinoplay.com\/wp-content\/uploads\/2026\/03\/coolzino-banner-mobile.webp\" class=\"w-100 d-none d-md-block d-lg-none main-banner-img\" alt=\"coolzino banner mobile\" fetchpriority=\"high\" decoding=\"async\"><img src=\"https:\/\/coolzinoplay.com\/wp-content\/uploads\/2026\/03\/coolzino-banner-mobile.webp\" class=\"w-100 d-md-none\" alt=\"coolzino banner mobile\" fetchpriority=\"high\" decoding=\"async\"><div class=\"banner-description\">\n<div class=\"banner-title\">Bonus di benvenuto<\/div>\n<p class=\"banner-header-title\">1500 \u20ac<\/p>\n<div class=\"banner-header-AdditionalText\">+ 250 Giri gratuiti<\/div>\n<button data-item=\"homepage_banner_link\" class=\"goto m-button m-gradient-border m-button--primary m-button--large banner-button btn-orange\">\n            <div class=\"m-button-content\">\n                <span>Iscriviti ora<\/span>\n                <span><\/span>\n            <\/div>\n        <\/button>\n<\/div>\n<div class=\"WelcomePack\">\n<p><img loading=\"lazy\" decoding=\"async\" class=\"alignnone size-full wp-image-1847\" src=\"https:\/\/coolzinoplay.com\/wp-content\/uploads\/2026\/03\/welcome-crown.png\" alt=\"welcome crown\" width=\"25\" height=\"26\" \/><\/p>\n<div class=\"WelcomePack-Info\">Cashback settimanale fino al 25%<\/div>\n<p><img loading=\"lazy\" decoding=\"async\" class=\"alignnone size-full wp-image-1847\" src=\"https:\/\/coolzinoplay.com\/wp-content\/uploads\/2026\/03\/welcome-crown.png\" alt=\"welcome crown\" width=\"25\" height=\"26\" \/><\/p>\n<\/div>\n<\/div>\n<h2>Caratteristiche principali<\/h2>\n<p>Cool Zino app offre un servizio premium incentrato sul divertimento, la gioia e l\u2019affidabilit\u00e0 dei giocatori nel competitivo mercato dei casin\u00f2 online. Indipendentemente dalle tue competenze ed esperienze passate, ti sorprenderemo. Ecco cosa ci rende unici:<\/p>\n<ul>\n<li>Vasta Libreria di Giochi \u2013 Abbiamo oltre 6.000 titoli di alta qualit\u00e0 per tutti i gusti e i livelli di abilit\u00e0. Ci sono video slot visivamente sbalorditive come Gates of Olympus, blackjack e le sue modifiche, oltre a tavoli di poker strategici, giri di roulette e giochi da casin\u00f2 dal vivo completamente interattivi guidati da croupier esperti. Ricompense generose attendono i nuovi utenti attivi. Nuovi titoli vengono aggiunti regolarmente per aggiornare il catalogo.<\/li>\n<li>Sistema di Bonus Abbondante \u2013 Gli utenti vengono sempre ricompensati su Coolzino. Inizia con un generoso bonus di benvenuto di \u20ac1.500 e giri gratuiti sui giochi pi\u00f9 popolari. Approfitta di bonus e promozioni giornalieri e settimanali, incentivi cashback ed entusiasmanti tornei ad alto rischio. I Coolzino bonus possono dare una spinta alle tue sessioni di gioco, anche se sei un giocatore professionista.<\/li>\n<li>Navigazione Semplice \u2013 Il software vanta un design pulito e intuitivo con numerose categorie, suggerimenti personalizzati e impostazioni personalizzabili. La gestione del tuo account e la selezione dei giochi sono semplici, e ti guideremo in ogni fase del tuo percorso.<\/li>\n<li>Sicurezza di Alto Livello \u2013 La tua sicurezza viene sempre al primo posto. Proteggiamo i tuoi dati personali e finanziari utilizzando le pi\u00f9 recenti tecnologie di crittografia e l\u2019autenticazione a due fattori. Essendo una piattaforma autorizzata, offriamo il massimo livello di sicurezza a tutti i visitatori su mobile e PC.<\/li>\n<li>Compatibilit\u00e0 Mobile \u2013 Il software \u00e8 adattato per prestazioni eccellenti su Android, iOS, Windows e macOS. Offriamo un gameplay ininterrotto e una grafica straordinaria senza alcun ritardo o limitazione.<\/li>\n<li>Assistenza clienti \u2013 L\u2019assistenza clienti \u00e8 disponibile 24 ore su 24, 7 giorni su 7, qualunque dispositivo tu scelga. I manager sono pronti ad assisterti tramite chat dal vivo o email. Puoi ottenere supporto clienti per problemi tecnici e per qualsiasi altra domanda dal nostro cordiale team.<\/li>\n<li>Aggiornamenti e Innovazioni Regolari \u2013 Introduciamo regolarmente nuovi titoli e promozioni uniche. Non \u00e8 necessario scaricare l\u2019app o aggiornare il software se utilizzi la PWA. Si adatta alle preferenze dell\u2019utente, offrendo sessioni sempre nuove.<\/li>\n<\/ul>\n<p>Il casin\u00f2 online Coolzino \u00e8 una destinazione di intrattenimento premium. Con noi vivrai un nuovo standard nei casin\u00f2 mobili.<\/p>\n<p><div class=\"scrollable-content-wrap my-5\"><div class=\"scrollable-content-inner\"><h2>Cool Zino Casino APK<\/h2>\n<p>Iniziare con l\u2019applicazione di Casin\u00f2 Coolzino su Android \u00e8 semplice e sicuro. Segui questi semplici passaggi per avere giochi da casin\u00f2 premium e funzionalit\u00e0 affascinanti a portata di mano.<\/p>\n<table>\n<tbody>\n<tr>\n<td>Passo<\/td>\n<td>Dettagli<\/td>\n<\/tr>\n<tr>\n<td>Accedi al sito ufficiale di Coolzino<\/td>\n<td>Visita il sito web di Coolzino sul tuo telefono o tablet Android. Questo garantisce che stai installando l\u2019app mobile ufficiale con gli ultimi aggiornamenti e la massima sicurezza.<\/td>\n<\/tr>\n<tr>\n<td>Trova il pulsante \u201cCoolzino Casino App\u201d<\/td>\n<td>La pagina web generalmente ha un pulsante evidenziato \u201cCoolzino Casino App\u201d nella parte superiore o sotto un banner. Toccalo per avviare il download di Cool Zino.<\/td>\n<\/tr>\n<tr>\n<td>Scarica l\u2019APK<\/td>\n<td>Selezionando l\u2019opzione, il tuo browser sar\u00e0 indirizzato a Coolzino per scaricare l\u2019APK. Verifica il download e consenti questa fonte nel tuo browser, se richiesto.<\/td>\n<\/tr>\n<tr>\n<td>Modifica Impostazioni del Dispositivo (solo prima installazione)<\/td>\n<td>Vai alle Impostazioni &gt; Sicurezza o Privacy (dipende dalla versione Android). Abilita \u201cInstalla app sconosciute\u201d o \u201cConsenti da questa fonte\u201d per permettere l\u2019installazione di app non provenienti da Google Play.<\/td>\n<\/tr>\n<tr>\n<td>Installa l\u2019APK<\/td>\n<td>Trova e tocca il file Coolzino APK scaricato nella cartella Download o nel pannello delle notifiche. Segui le istruzioni sullo schermo per completare l\u2019installazione.<\/td>\n<\/tr>\n<tr>\n<td>Avvia l\u2019App<\/td>\n<td>L\u2019icona di Cool Zino apparir\u00e0 nel cassetto applicazioni o sulla schermata iniziale. Avvia l\u2019applicazione, accedi o registrati e inizia a giocare ai tuoi titoli preferiti!<\/td>\n<\/tr>\n<\/tbody>\n<\/table>\n<h3>Ottimizzato per Android<\/h3>\n<p>Coolzino app funziona bene su molti dispositivi Android, da quelli di fascia alta a quelli economici. Gli utenti possono godere di un\u2019esperienza di gioco costante e coinvolgente, grazie al suo design reattivo che si adatta a schermi di tutte le dimensioni e risoluzioni.<\/p>\n<h3>Sempre aggiornato e sicuro<\/h3>\n<p>Gli aggiornamenti APK includono spesso:<\/p>\n<ul>\n<li>Gli standard di sicurezza pi\u00f9 recenti<\/li>\n<li>Miglioramenti delle prestazioni e correzioni di bug<\/li>\n<li>Nuovi giochi e funzionalit\u00e0<\/li>\n<\/ul>\n<p>Questo ti permette di godere del software pi\u00f9 sicuro e ricco di funzionalit\u00e0 senza dover controllare manualmente gli aggiornamenti.<\/p>\n<p>Giochi d\u2019azzardo di alta qualit\u00e0 e una piattaforma con un\u2019interfaccia utente esteticamente gradevole sono a portata di mano con il casin\u00f2 online Coolzino per Android.<\/p>\n<p>Segui le istruzioni sopra per giocare alle slot, ai giochi da tavolo, ai dealer dal vivo e ottenere incredibili ricompense come giri gratuiti e bonus di benvenuto sul tuo smartphone Android.<\/p>\n<p><img loading=\"lazy\" decoding=\"async\" class=\"alignnone size-full wp-image-1938\" src=\"https:\/\/coolzinoplay.com\/wp-content\/uploads\/2026\/03\/Coolzino-Android-App.webp\" alt=\"Coolzino Android App\" width=\"1248\" height=\"536\" srcset=\"https:\/\/coolzinoplay.com\/wp-content\/uploads\/2026\/03\/Coolzino-Android-App.webp 1248w, https:\/\/coolzinoplay.com\/wp-content\/uploads\/2026\/03\/Coolzino-Android-App-300x129.webp 300w, https:\/\/coolzinoplay.com\/wp-content\/uploads\/2026\/03\/Coolzino-Android-App-1024x440.webp 1024w, https:\/\/coolzinoplay.com\/wp-content\/uploads\/2026\/03\/Coolzino-Android-App-768x330.webp 768w\" sizes=\"auto, (max-width: 1248px) 100vw, 1248px\" \/><\/p>\n<\/div><\/div><div style=\"clear: both\"><\/div><div class=\"d-flex justify-content-center\"><button data-item=\"decouvrez_link\" data-group=\"website_links\" class=\"goto fw-bold rounded-pill btn btn-orange\" aria-label=\"Scarica l&#039;app Coolzino\" >Scarica l&#039;app Coolzino<\/button><\/div><div class=\"scrollable-content-wrap my-5\"><div class=\"scrollable-content-inner\"><h2>App Coolzino Casino per il tuo dispositivo iOS<\/h2>\n<p>Offriamo diversi modi semplici per installare il software sul tuo dispositivo iOS. Puoi semplicemente cliccare sul pulsante corrispondente sul sito ufficiale e scaricare la PWA oppure eseguire le seguenti azioni:<\/p>\n<ol>\n<li>Apri il tuo browser Safari.<\/li>\n<li>Fai clic sul pulsante \u201cCondividi\u201d.<\/li>\n<li>Seleziona \u201cAggiungi alla schermata Home\u201d.<\/li>\n<li>Inserisci il nome per la tua icona.<\/li>\n<\/ol>\n<p>L\u2019installazione richiede meno di un minuto, quindi assicurati che la tua connessione internet sia affidabile.<\/p>\n<p>L\u2019icona dell\u2019applicazione Coolzino apparir\u00e0 sulla tua schermata iniziale dopo l\u2019installazione. Avvia e gioca con il software toccandolo.<\/p>\n<h3>Ottimizzazione per iOS<\/h3>\n<p>L\u2019app Cool Zino per iOS garantisce i seguenti vantaggi:<\/p>\n<ul>\n<li>Ottimizzazione della batteria per sessioni di gioco prolungate senza esaurire il tuo smartphone.<\/li>\n<li>Animazioni fluide e controlli touch intuitivi per un gameplay coinvolgente.<\/li>\n<li>Aggiornamenti regolari tramite App Store garantiscono la compatibilit\u00e0 con le versioni iOS pi\u00f9 recenti e aggiungono nuove funzionalit\u00e0 e perfezionamenti.<\/li>\n<\/ul>\n<p>L\u2019applicazione Coolzino porta l\u2019azione del casin\u00f2 online di alta qualit\u00e0 sul tuo iPhone o iPad con prestazioni fluide e design intuitivo.<\/p>\n<p><img loading=\"lazy\" decoding=\"async\" class=\"alignnone size-full wp-image-1946\" src=\"https:\/\/coolzinoplay.com\/wp-content\/uploads\/2026\/03\/Coolzino-iOS-App.webp\" alt=\"Coolzino iOS App\" width=\"1248\" height=\"536\" srcset=\"https:\/\/coolzinoplay.com\/wp-content\/uploads\/2026\/03\/Coolzino-iOS-App.webp 1248w, https:\/\/coolzinoplay.com\/wp-content\/uploads\/2026\/03\/Coolzino-iOS-App-300x129.webp 300w, https:\/\/coolzinoplay.com\/wp-content\/uploads\/2026\/03\/Coolzino-iOS-App-1024x440.webp 1024w, https:\/\/coolzinoplay.com\/wp-content\/uploads\/2026\/03\/Coolzino-iOS-App-768x330.webp 768w\" sizes=\"auto, (max-width: 1248px) 100vw, 1248px\" \/><\/p>\n<\/div><\/div><div style=\"clear: both\"><\/div><div class=\"d-flex justify-content-center\"><button data-item=\"decouvrez_link\" data-group=\"website_links\" class=\"goto fw-bold rounded-pill btn btn-orange\" aria-label=\"Scarica Coolzino\" >Scarica Coolzino<\/button><\/div><div class=\"scrollable-content-wrap my-5\"><div class=\"scrollable-content-inner\"><h2>Applicazione Coolzino Casino per Windows\/macOS<\/h2>\n<p>Gli utenti desktop hanno molte opzioni facili per accedere a Cool Zino:<\/p>\n<h3>Accesso tramite Browser<\/h3>\n<p>Il modo pi\u00f9 semplice per visitare il casin\u00f2 online Cool Zino su Windows e macOS \u00e8 tramite il browser web di tua scelta:<\/p>\n<ol>\n<li>Avvia Chrome, Safari, Firefox, Edge, ecc.<\/li>\n<li>Visita il sito web di Cool Zino.<\/li>\n<li>I visitatori per la prima volta possono creare un account o accedere.<\/li>\n<li>Non \u00e8 necessario scaricare nulla per giocare all\u2019esperienza completa del casin\u00f2 desktop.<\/li>\n<\/ol>\n<p>La versione browser ha gli stessi giochi e funzionalit\u00e0 delle app mobili e si adatta alle dimensioni del tuo schermo.<\/p>\n<h3>Applicazione desktop<\/h3>\n<p>Per gli utenti desktop dedicati:<\/p>\n<ol>\n<li>Vai su Casin\u00f2 Coolzino su Windows o macOS.<\/li>\n<li>Individua l\u2019area \u201cCasino App\u201d nel menu inferiore o principale.<\/li>\n<li>Scarica l\u2019installer specifico per il tuo sistema operativo.<\/li>\n<li>Completa la configurazione eseguendo l\u2019installer e seguendo le istruzioni sullo schermo.<\/li>\n<li>Usa il collegamento sul desktop o la cartella programmi per avviarla.<\/li>\n<\/ol>\n<p>Il software desktop ha tempi di caricamento pi\u00f9 rapidi, aggiornamenti automatici e notifiche per promozioni e tornei.<\/p>\n<p><img loading=\"lazy\" decoding=\"async\" class=\"alignnone size-full wp-image-1954\" src=\"https:\/\/coolzinoplay.com\/wp-content\/uploads\/2026\/03\/Coolzino-Desktop.webp\" alt=\"Coolzino Desktop\" width=\"1248\" height=\"536\" srcset=\"https:\/\/coolzinoplay.com\/wp-content\/uploads\/2026\/03\/Coolzino-Desktop.webp 1248w, https:\/\/coolzinoplay.com\/wp-content\/uploads\/2026\/03\/Coolzino-Desktop-300x129.webp 300w, https:\/\/coolzinoplay.com\/wp-content\/uploads\/2026\/03\/Coolzino-Desktop-1024x440.webp 1024w, https:\/\/coolzinoplay.com\/wp-content\/uploads\/2026\/03\/Coolzino-Desktop-768x330.webp 768w\" sizes=\"auto, (max-width: 1248px) 100vw, 1248px\" \/><\/p>\n<\/div><\/div><div style=\"clear: both\"><\/div><div class=\"d-flex justify-content-center\"><button data-item=\"decouvrez_link\" data-group=\"website_links\" class=\"goto fw-bold rounded-pill btn btn-orange\" aria-label=\"Scarica l&#039;app Coolzino\" >Scarica l&#039;app Coolzino<\/button><\/div><div class=\"scrollable-content-wrap my-5\"><div class=\"scrollable-content-inner\"><h2>FAQ<\/h2>\n<h3>L\u2019assistenza clienti \u00e8 disponibile?<\/h3>\n<p>S\u00ec, l\u2019applicazione offre assistenza clienti completa. Domande su account, prelievi e giochi possono essere risolte da professionisti di supporto qualificati tramite assistenza live chat 24\/7 con pochi tocchi. Sono disponibili anche supporto via email per richieste complesse e una sezione FAQ completa del software.<\/p>\n<h3>Esiste un\u2019app Cool Zino Casino per Windows e macOS?<\/h3>\n<p>Il nostro casin\u00f2 online supporta i desktop Windows e macOS. La maggior parte degli utenti desktop preferisce la versione basata su browser che non richiede download.<\/p>\n<h3>Ho bisogno di un account per utilizzare l\u2019app Coolzino Casino?<\/h3>\n<p>Hai bisogno di un account per utilizzare completamente l\u2019applicazione CoolZino. Il software pu\u00f2 essere scaricato e installato senza registrazione, ma devi accedere per giocare, richiedere bonus o effettuare depositi. La procedura di registrazione richiede pochi minuti e richiede pochissime informazioni. Le credenziali del tuo account registrato funzionano su tutte le piattaforme, offrendo un\u2019esperienza di gioco fluida su mobile e desktop.<\/p>\n<h3>Posso giocare a giochi da casin\u00f2 dal vivo?<\/h3>\n<p>S\u00ec, l\u2019applicazione Cool Zino Casino ha diversi titoli da sezione live. I utenti possono trasmettere croupier reali in HD sui loro dispositivi mobili per esperienze di casin\u00f2 realistiche. Blackjack, roulette, baccarat e diverse varianti di poker sono disponibili nel casin\u00f2 dal vivo dell\u2019app con croupier esperti e gioco interattivo. Lo streaming live funziona bene sulle reti 4G grazie all\u2019ottimizzazione mobile.<\/p>\n<h3>Tutti i giochi sono disponibili sull\u2019app?<\/h3>\n<p>L\u2019applicazione Coolzino mobile offre la maggior parte dei giochi dal sito web. Il software offre oltre 6.000 slot, titoli da tavolo e giochi con croupier dal vivo dai migliori fornitori. Alcuni giochi pi\u00f9 vecchi che non sono ottimizzati per dispositivi mobili potrebbero essere disponibili solo su PC. Nuovi titoli ottimizzati per dispositivi mobili vengono lanciati settimanalmente nell\u2019applicazione, offrendo agli utenti mobili le pi\u00f9 recenti innovazioni di gioco.<\/p>\n<h3>Come aggiornare l\u2019app Cool Zino Casino?<\/h3>\n<p>Gli aggiornamenti del software del casin\u00f2 online Coolzino sono facili e necessari per ottenere prestazioni ottimali. Il software per Android e iOS viene di solito aggiornato automaticamente, se si installa la nostra PWA o si aggiunge un&#8217;icona di collegamento.<\/p>\n<h3>Come prelevare le vincite tramite l\u2019app?<\/h3>\n<p>L\u2019app Cool Zino Casino rende i prelievi delle vincite sicuri e facili. Vai su Banking sull\u2019app e fai clic su \u201cPreleva\u201d. Seleziona un metodo di prelievo tra bonifici bancari, e-wallet e carte di credito\/debito. Inserisci l\u2019importo del prelievo (come richiesto) e conferma. La maggior parte delle richieste di prelievo viene elaborata entro 24 ore, anche se i tempi del metodo di pagamento variano. Le informazioni di pagamento sono archiviate in modo sicuro, velocizzando i prelievi futuri.<\/p>\n<\/div><\/div><\/p>\n","protected":false},"excerpt":{"rendered":"<p>App Coolzino Casino Coolzino Casino app \u00e8 la tua porta d\u2019accesso al gioco ininterrotto ovunque tu sia. Grazie all\u2019ottimizzazione multi-dispositivo, i giocatori possono godersi sessioni senza interruzioni su qualsiasi dispositivo, qualunque sia la loro preferenza: Android o iOS, smartphone o tablet. Mentre aspetti l\u2019autobus, ti riposi a casa o fai una pausa dal lavoro, l\u2019app [&hellip;]<\/p>\n","protected":false},"author":1,"featured_media":0,"parent":0,"menu_order":0,"comment_status":"closed","ping_status":"closed","template":"template-builder.php","meta":{"_acf_changed":false,"inline_featured_image":false,"footnotes":""},"class_list":["post-1445","page","type-page","status-publish","hentry"],"acf":[],"yoast_head":"<!-- This site is optimized with the Yoast SEO plugin v27.3 - https:\/\/yoast.com\/product\/yoast-seo-wordpress\/ -->\n<title>App Coolzino Casino \u2013 Android &amp; iOS<\/title>\n<meta name=\"description\" content=\"Gioca a 6000+ slot, tavoli &amp; croupier dal vivo su Android, iOS, Windows &amp; macOS con la Coolzino Casino App. Bonus di benvenuto, pagamenti rapidi &amp; supporto 24\/7.\" \/>\n<meta name=\"robots\" content=\"index, follow, max-snippet:-1, max-image-preview:large, max-video-preview:-1\" \/>\n<link rel=\"canonical\" href=\"https:\/\/coolzinoplay.com\/it\/applicazione\/\" \/>\n<meta property=\"og:locale\" content=\"it_IT\" \/>\n<meta property=\"og:type\" content=\"article\" \/>\n<meta property=\"og:title\" content=\"App Coolzino Casino \u2013 Android &amp; iOS\" \/>\n<meta property=\"og:description\" content=\"Gioca a 6000+ slot, tavoli &amp; croupier dal vivo su Android, iOS, Windows &amp; macOS con la Coolzino Casino App. Bonus di benvenuto, pagamenti rapidi &amp; supporto 24\/7.\" \/>\n<meta property=\"og:url\" content=\"https:\/\/coolzinoplay.com\/it\/applicazione\/\" \/>\n<meta property=\"og:site_name\" content=\"coolzino\" \/>\n<meta property=\"article:modified_time\" content=\"2026-03-13T07:13:01+00:00\" \/>\n<meta name=\"twitter:card\" content=\"summary_large_image\" \/>\n<meta name=\"twitter:label1\" content=\"Est. reading time\" \/>\n\t<meta name=\"twitter:data1\" content=\"3 minuti\" \/>\n<script type=\"application\/ld+json\" class=\"yoast-schema-graph\">{\"@context\":\"https:\\\/\\\/schema.org\",\"@graph\":[{\"@type\":\"WebPage\",\"@id\":\"https:\\\/\\\/coolzinoplay.com\\\/it\\\/applicazione\\\/\",\"url\":\"https:\\\/\\\/coolzinoplay.com\\\/it\\\/applicazione\\\/\",\"name\":\"App Coolzino Casino \u2013 Android & iOS\",\"isPartOf\":{\"@id\":\"https:\\\/\\\/coolzinoplay.com\\\/it\\\/#website\"},\"datePublished\":\"2026-01-20T12:08:23+00:00\",\"dateModified\":\"2026-03-13T07:13:01+00:00\",\"description\":\"Gioca a 6000+ slot, tavoli & croupier dal vivo su Android, iOS, Windows & macOS con la Coolzino Casino App. Bonus di benvenuto, pagamenti rapidi & supporto 24\\\/7.\",\"breadcrumb\":{\"@id\":\"https:\\\/\\\/coolzinoplay.com\\\/it\\\/applicazione\\\/#breadcrumb\"},\"inLanguage\":\"it-IT\",\"potentialAction\":[{\"@type\":\"ReadAction\",\"target\":[\"https:\\\/\\\/coolzinoplay.com\\\/it\\\/applicazione\\\/\"]}]},{\"@type\":\"BreadcrumbList\",\"@id\":\"https:\\\/\\\/coolzinoplay.com\\\/it\\\/applicazione\\\/#breadcrumb\",\"itemListElement\":[{\"@type\":\"ListItem\",\"position\":1,\"name\":\"Coolzino\",\"item\":\"https:\\\/\\\/coolzinoplay.com\\\/it\\\/\"},{\"@type\":\"ListItem\",\"position\":2,\"name\":\"Applicazione\"}]},{\"@type\":\"WebSite\",\"@id\":\"https:\\\/\\\/coolzinoplay.com\\\/it\\\/#website\",\"url\":\"https:\\\/\\\/coolzinoplay.com\\\/it\\\/\",\"name\":\"Coolzino\",\"description\":\"\",\"publisher\":{\"@id\":\"https:\\\/\\\/coolzinoplay.com\\\/it\\\/#organization\"},\"potentialAction\":[{\"@type\":\"SearchAction\",\"target\":{\"@type\":\"EntryPoint\",\"urlTemplate\":\"https:\\\/\\\/coolzinoplay.com\\\/it\\\/?s={search_term_string}\"},\"query-input\":{\"@type\":\"PropertyValueSpecification\",\"valueRequired\":true,\"valueName\":\"search_term_string\"}}],\"inLanguage\":\"it-IT\"},{\"@type\":\"Organization\",\"@id\":\"https:\\\/\\\/coolzinoplay.com\\\/it\\\/#organization\",\"name\":\"Coolzino\",\"url\":\"https:\\\/\\\/coolzinoplay.com\\\/it\\\/\",\"logo\":{\"@type\":\"ImageObject\",\"inLanguage\":\"it-IT\",\"@id\":\"https:\\\/\\\/coolzinoplay.com\\\/it\\\/#\\\/schema\\\/logo\\\/image\\\/\",\"url\":\"https:\\\/\\\/coolzinoplay.com\\\/wp-content\\\/uploads\\\/2026\\\/03\\\/Logo-Desktop.png\",\"contentUrl\":\"https:\\\/\\\/coolzinoplay.com\\\/wp-content\\\/uploads\\\/2026\\\/03\\\/Logo-Desktop.png\",\"width\":208,\"height\":42,\"caption\":\"Coolzino\"},\"image\":{\"@id\":\"https:\\\/\\\/coolzinoplay.com\\\/it\\\/#\\\/schema\\\/logo\\\/image\\\/\"}}]}<\/script>\n<!-- \/ Yoast SEO plugin. -->","yoast_head_json":{"title":"App Coolzino Casino \u2013 Android & iOS","description":"Gioca a 6000+ slot, tavoli & croupier dal vivo su Android, iOS, Windows & macOS con la Coolzino Casino App. Bonus di benvenuto, pagamenti rapidi & supporto 24\/7.","robots":{"index":"index","follow":"follow","max-snippet":"max-snippet:-1","max-image-preview":"max-image-preview:large","max-video-preview":"max-video-preview:-1"},"canonical":"https:\/\/coolzinoplay.com\/it\/applicazione\/","og_locale":"it_IT","og_type":"article","og_title":"App Coolzino Casino \u2013 Android & iOS","og_description":"Gioca a 6000+ slot, tavoli & croupier dal vivo su Android, iOS, Windows & macOS con la Coolzino Casino App. Bonus di benvenuto, pagamenti rapidi & supporto 24\/7.","og_url":"https:\/\/coolzinoplay.com\/it\/applicazione\/","og_site_name":"coolzino","article_modified_time":"2026-03-13T07:13:01+00:00","twitter_card":"summary_large_image","twitter_misc":{"Est. reading time":"3 minuti"},"schema":{"@context":"https:\/\/schema.org","@graph":[{"@type":"WebPage","@id":"https:\/\/coolzinoplay.com\/it\/applicazione\/","url":"https:\/\/coolzinoplay.com\/it\/applicazione\/","name":"App Coolzino Casino \u2013 Android & iOS","isPartOf":{"@id":"https:\/\/coolzinoplay.com\/it\/#website"},"datePublished":"2026-01-20T12:08:23+00:00","dateModified":"2026-03-13T07:13:01+00:00","description":"Gioca a 6000+ slot, tavoli & croupier dal vivo su Android, iOS, Windows & macOS con la Coolzino Casino App. Bonus di benvenuto, pagamenti rapidi & supporto 24\/7.","breadcrumb":{"@id":"https:\/\/coolzinoplay.com\/it\/applicazione\/#breadcrumb"},"inLanguage":"it-IT","potentialAction":[{"@type":"ReadAction","target":["https:\/\/coolzinoplay.com\/it\/applicazione\/"]}]},{"@type":"BreadcrumbList","@id":"https:\/\/coolzinoplay.com\/it\/applicazione\/#breadcrumb","itemListElement":[{"@type":"ListItem","position":1,"name":"Coolzino","item":"https:\/\/coolzinoplay.com\/it\/"},{"@type":"ListItem","position":2,"name":"Applicazione"}]},{"@type":"WebSite","@id":"https:\/\/coolzinoplay.com\/it\/#website","url":"https:\/\/coolzinoplay.com\/it\/","name":"Coolzino","description":"","publisher":{"@id":"https:\/\/coolzinoplay.com\/it\/#organization"},"potentialAction":[{"@type":"SearchAction","target":{"@type":"EntryPoint","urlTemplate":"https:\/\/coolzinoplay.com\/it\/?s={search_term_string}"},"query-input":{"@type":"PropertyValueSpecification","valueRequired":true,"valueName":"search_term_string"}}],"inLanguage":"it-IT"},{"@type":"Organization","@id":"https:\/\/coolzinoplay.com\/it\/#organization","name":"Coolzino","url":"https:\/\/coolzinoplay.com\/it\/","logo":{"@type":"ImageObject","inLanguage":"it-IT","@id":"https:\/\/coolzinoplay.com\/it\/#\/schema\/logo\/image\/","url":"https:\/\/coolzinoplay.com\/wp-content\/uploads\/2026\/03\/Logo-Desktop.png","contentUrl":"https:\/\/coolzinoplay.com\/wp-content\/uploads\/2026\/03\/Logo-Desktop.png","width":208,"height":42,"caption":"Coolzino"},"image":{"@id":"https:\/\/coolzinoplay.com\/it\/#\/schema\/logo\/image\/"}}]}},"_links":{"self":[{"href":"https:\/\/coolzinoplay.com\/it\/wp-json\/wp\/v2\/pages\/1445","targetHints":{"allow":["GET"]}}],"collection":[{"href":"https:\/\/coolzinoplay.com\/it\/wp-json\/wp\/v2\/pages"}],"about":[{"href":"https:\/\/coolzinoplay.com\/it\/wp-json\/wp\/v2\/types\/page"}],"author":[{"embeddable":true,"href":"https:\/\/coolzinoplay.com\/it\/wp-json\/wp\/v2\/users\/1"}],"replies":[{"embeddable":true,"href":"https:\/\/coolzinoplay.com\/it\/wp-json\/wp\/v2\/comments?post=1445"}],"version-history":[{"count":3,"href":"https:\/\/coolzinoplay.com\/it\/wp-json\/wp\/v2\/pages\/1445\/revisions"}],"predecessor-version":[{"id":2010,"href":"https:\/\/coolzinoplay.com\/it\/wp-json\/wp\/v2\/pages\/1445\/revisions\/2010"}],"wp:attachment":[{"href":"https:\/\/coolzinoplay.com\/it\/wp-json\/wp\/v2\/media?parent=1445"}],"curies":[{"name":"wp","href":"https:\/\/api.w.org\/{rel}","templated":true}]}}