{"id":1442,"date":"2026-01-20T12:08:23","date_gmt":"2026-01-20T12:08:23","guid":{"rendered":"https:\/\/bonuskongcasino.com\/app-2\/"},"modified":"2026-03-13T06:18:31","modified_gmt":"2026-03-13T06:18:31","slug":"app","status":"publish","type":"page","link":"https:\/\/coolzinoplay.com\/de\/app\/","title":{"rendered":"App"},"content":{"rendered":"<h1>Coolzino Casino App<\/h1>\n<p>Die Coolzino Casino App garantiert ein sicheres und unterhaltsames mobiles Spielen von zu Hause aus. Wir r\u00fchmen uns mit nahtloser Optimierung, so dass Spieler ununterbrochene Sitzungen auf jedem Ger\u00e4t, Android oder iOS, genie\u00dfen k\u00f6nnen.<\/p>\n<p>Mit der Cool Zino Mobile App haben Sie schnellen Zugriff auf Tausende von spannenden Spielen und lukrativen Boni, genau wie bei der Desktop-Version.<\/p>\n<p>Unsere Software wurde sorgf\u00e4ltig entwickelt, um eine einfache Navigation, schnelle Ladezeiten und sichere Zahlungsoptionen wie Kreditkarten und Kryptow\u00e4hrungen zu bieten.<\/p>\n<div class=\"banner-wrap\" aria-label=\"Banner\"><img src=\"https:\/\/coolzinoplay.com\/wp-content\/uploads\/2026\/03\/Main-banner-Desktop.webp\" class=\"w-100 d-none d-lg-block img-pc main-banner-img\" alt=\"Main banner - Desktop\" fetchpriority=\"high\" decoding=\"async\"><img src=\"https:\/\/coolzinoplay.com\/wp-content\/uploads\/2026\/03\/coolzino-banner-mobile.webp\" class=\"w-100 d-none d-md-block d-lg-none main-banner-img\" alt=\"coolzino banner mobile\" fetchpriority=\"high\" decoding=\"async\"><img src=\"https:\/\/coolzinoplay.com\/wp-content\/uploads\/2026\/03\/coolzino-banner-mobile.webp\" class=\"w-100 d-md-none\" alt=\"coolzino banner mobile\" fetchpriority=\"high\" decoding=\"async\"><div class=\"banner-description\">\n<div class=\"banner-title\">Willkommensboni<\/div>\n<p class=\"banner-header-title\">1500 \u20ac<\/p>\n<div class=\"banner-header-AdditionalText\">+ 250 Freispiele<\/div>\n<button data-item=\"homepage_banner_link\" class=\"goto m-button m-gradient-border m-button--primary m-button--large banner-button btn-orange\">\n            <div class=\"m-button-content\">\n                <span>Jetzt anmelden<\/span>\n                <span><\/span>\n            <\/div>\n        <\/button>\n<\/div>\n<div class=\"WelcomePack\">\n<p><img loading=\"lazy\" decoding=\"async\" class=\"alignnone size-full wp-image-1845\" src=\"https:\/\/coolzinoplay.com\/wp-content\/uploads\/2026\/03\/welcome-crown.png\" alt=\"welcome crown\" width=\"25\" height=\"26\" \/><\/p>\n<div class=\"WelcomePack-Info\">W\u00f6chentlicher Cashback von bis zu 25 %<\/div>\n<p><img loading=\"lazy\" decoding=\"async\" class=\"alignnone size-full wp-image-1845\" src=\"https:\/\/coolzinoplay.com\/wp-content\/uploads\/2026\/03\/welcome-crown.png\" alt=\"welcome crown\" width=\"25\" height=\"26\" \/><\/p>\n<\/div>\n<\/div>\n<h2>Wichtigste Funktionen<\/h2>\n<p>Die Cool Zino-App bietet einen erstklassigen Service, der sich auf Spa\u00df, Freude und Zuverl\u00e4ssigkeit f\u00fcr Spieler auf dem wettbewerbsorientierten Online-Casino-Markt konzentriert. Unabh\u00e4ngig von Ihren F\u00e4higkeiten und Erfahrungen werden wir Sie \u00fcberraschen. Das ist es, was uns einzigartig macht:<\/p>\n<ul>\n<li>Riesige Spielbibliothek \u2013 Wir haben \u00fcber 6.000 hochwertige Titel f\u00fcr jeden Geschmack und jedes Niveau. Es gibt visuell beeindruckende Video-Slots wie Gates of Olympus, Blackjack und seine Modifikationen sowie strategische Pokertische, Roulette-Runden und vollst\u00e4ndig interaktive Live-Casino-Spiele, die von erfahrenen Dealern geleitet werden. Gro\u00dfz\u00fcgige Belohnungen warten auf neue aktive Benutzer. Neue Titel werden regelm\u00e4\u00dfig hinzugef\u00fcgt, um den Katalog zu aktualisieren.<\/li>\n<li>Gro\u00dfz\u00fcgiges Bonussystem \u2013 Bei Coolzino Casino werden deutsche Spieler immer belohnt. Beginnen Sie mit gro\u00dfz\u00fcgigen Willkommensbonussen und Freispielen f\u00fcr beliebte Spiele. Nehmen Sie an t\u00e4glichen und w\u00f6chentlichen Aktionen, Cashback-Anreizen und spannenden High-Stakes-Turnieren teil. Wir ermutigen Sie auch, von unseren Bonus Code Angeboten Gebrauch zu machen.<\/li>\n<li>Benutzerfreundliche Oberfl\u00e4che \u2013 Die mobile App zeichnet sich durch ein klares und intuitives Design mit zahlreichen Kategorien, grafischer Darstellung der Dienste, individuellen Tipps und anpassbaren Einstellungen aus. Die Verwaltung Ihres Kontos und die Auswahl der Spiele sind einfach, und wir begleiten Sie bei jedem Schritt.<\/li>\n<li>Sicherheit auf h\u00f6chstem Niveau \u2013 Unser oberstes Ziel ist Ihre Sicherheit. Unsere mobile App sch\u00fctzt Ihre pers\u00f6nlichen und finanziellen Daten mit modernster Verschl\u00fcsselung, Zwei-Faktor-Authentifizierung und strengen Datenschutzstandards. Sie k\u00f6nnen sich darauf verlassen, dass Ihre Daten in guten H\u00e4nden sind, da wir die Lizenz aus Cura\u00e7ao haben.<\/li>\n<li>Multiplattform-Zugang \u2013 Genie\u00dfen Sie ein reibungsloses Casino-Erlebnis auf allen Ger\u00e4ten. Die Software ist f\u00fcr eine hervorragende Leistung auf Android, iOS, Windows und macOS optimiert und bietet nahtloses Gameplay und beeindruckende Grafiken ohne Latenz oder Einschr\u00e4nkungen.<\/li>\n<li>Kundensupport \u2013 Der Kundensupport steht Ihnen 24 Stunden am Tag, 7 Tage die Woche zur Verf\u00fcgung, egal welches Ger\u00e4t Sie w\u00e4hlen. Die Manager sind bereit, Ihnen per Live-Chat oder E-Mail zu helfen. Unser freundliches Team bietet Ihnen Unterst\u00fctzung bei technischen Problemen und allen anderen Fragen.<\/li>\n<li>Regelm\u00e4\u00dfige Updates und Innovationen \u2013 Wir stellen regelm\u00e4\u00dfig neue Titel und einzigartige Sonderangebote vor. Wenn Sie PWA verwenden, m\u00fcssen Sie weder die App herunterladen noch die Software aktualisieren. Sie passt sich den Vorlieben der Nutzer an und bietet immer neue Sitzungen.<\/li>\n<\/ul>\n<p>Coolzino Online Casino ist ein erstklassiges Unterhaltungsziel. Bei uns werden Sie einen neuen Standard in mobilen Casinos erleben.<\/p>\n<p><div class=\"scrollable-content-wrap my-5\"><div class=\"scrollable-content-inner\"><h2>Cool Zino Casino APK<\/h2>\n<p>Der Einstieg in die Coolzino Casino App auf Android ist einfach und sicher. Befolgen Sie diese einfachen Schritte, um erstklassige Casinospiele und faszinierende Funktionen zur Hand zu haben.<\/p>\n<table>\n<tbody>\n<tr>\n<td>Schritt<\/td>\n<td>Details<\/td>\n<\/tr>\n<tr>\n<td>Offizielle Website von Coolzino aufrufen<\/td>\n<td>Besuche die offizielle Website von Coolzino auf deinem Android-Smartphone oder -Tablet. So stellst du sicher, dass du die offizielle Mobile-App mit den neuesten Updates und h\u00f6chster Sicherheit installierst.<\/td>\n<\/tr>\n<tr>\n<td>\u201eCoolzino Casino App\u201c-Button finden<\/td>\n<td>Auf der Webseite befindet sich in der Regel ein hervorgehobener Button \u201eCoolzino Casino App\u201c, entweder oben oder unter einem Banner. Tippe darauf, um den Download von Coolzino zu starten.<\/td>\n<\/tr>\n<tr>\n<td>APK herunterladen<\/td>\n<td>Wenn du die Option ausw\u00e4hlst, wirst du von deinem Browser zu Coolzino Casino weitergeleitet, um die APK herunterzuladen. Best\u00e4tige den Download und erlaube ggf. die Quelle im Browser.<\/td>\n<\/tr>\n<tr>\n<td>Ger\u00e4teeinstellungen \u00e4ndern (nur bei erster Installation)<\/td>\n<td>Gehe zu Einstellungen &gt; Sicherheit oder Datenschutz (abh\u00e4ngig von deiner Android-Version). Aktiviere \u201eUnbekannte Apps installieren\u201c oder \u201eInstallation aus dieser Quelle zulassen\u201c, um die Installation von Apps au\u00dferhalb des Google Play Stores zu erm\u00f6glichen.<\/td>\n<\/tr>\n<tr>\n<td>APK installieren<\/td>\n<td>Suche die heruntergeladene Coolzino-APK-Datei im Download-Ordner oder im Benachrichtigungsfeld. Tippe darauf und folge den Anweisungen auf dem Bildschirm, um die Installation abzuschlie\u00dfen.<\/td>\n<\/tr>\n<tr>\n<td>App starten<\/td>\n<td>Das Coolzino-Symbol erscheint im App-Drawer oder auf dem Startbildschirm. Starte die App, melde dich an oder registriere dich und beginne, deine Lieblingstitel zu spielen!<\/td>\n<\/tr>\n<\/tbody>\n<\/table>\n<h3>Android-optimiert<\/h3>\n<p>Die Coolzino-App l\u00e4uft auf vielen Android-Ger\u00e4ten, von High-End- bis zu Budget-Ger\u00e4ten. Dank des responsiven Designs, das sich an Bildschirme aller Gr\u00f6\u00dfen und Aufl\u00f6sungen anpasst, k\u00f6nnen Nutzer ein konsistentes und intensives Spielerlebnis genie\u00dfen. Verwenden Sie die grafische Darstellung, um zwischen den Bereichen zu wechseln.<\/p>\n<h3>Immer aktuell und sicher<\/h3>\n<p>APK-Updates enthalten oft:<\/p>\n<ul>\n<li>Die neuesten Sicherheitsstandards<\/li>\n<li>Verbesserte Leistung und Fehlerbehebungen<\/li>\n<li>Neue Spiele und Funktionen<\/li>\n<\/ul>\n<p>Dadurch genie\u00dfen Sie stets die sicherste und funktionsreichste Software, ohne manuell nach Updates suchen zu m\u00fcssen.<\/p>\n<p>Premium-Gl\u00fccksspiel ist mit Coolzino Casino auf Android nur wenige Tipps entfernt.<\/p>\n<p>Befolgen Sie die obigen Anweisungen, um Slots, Tischspiele, Live-Dealer und unglaubliche Boni auf Ihrem Android-Smartphone zu spielen.<\/p>\n<p><img loading=\"lazy\" decoding=\"async\" class=\"alignnone size-full wp-image-1936\" src=\"https:\/\/coolzinoplay.com\/wp-content\/uploads\/2026\/03\/Coolzino-Android-App.webp\" alt=\"Coolzino Android App\" width=\"1248\" height=\"536\" srcset=\"https:\/\/coolzinoplay.com\/wp-content\/uploads\/2026\/03\/Coolzino-Android-App.webp 1248w, https:\/\/coolzinoplay.com\/wp-content\/uploads\/2026\/03\/Coolzino-Android-App-300x129.webp 300w, https:\/\/coolzinoplay.com\/wp-content\/uploads\/2026\/03\/Coolzino-Android-App-1024x440.webp 1024w, https:\/\/coolzinoplay.com\/wp-content\/uploads\/2026\/03\/Coolzino-Android-App-768x330.webp 768w\" sizes=\"auto, (max-width: 1248px) 100vw, 1248px\" \/><\/p>\n<\/div><\/div><div style=\"clear: both\"><\/div><div class=\"d-flex justify-content-center\"><button data-item=\"decouvrez_link\" data-group=\"website_links\" class=\"goto fw-bold rounded-pill btn btn-orange\" aria-label=\"Laden Sie die Coolzino-App herunter\" >Laden Sie die Coolzino-App herunter<\/button><\/div><div class=\"scrollable-content-wrap my-5\"><div class=\"scrollable-content-inner\"><h2>Coolzino Casino App f\u00fcr Ihr iOS-Ger\u00e4t<\/h2>\n<p>Wir bieten mehrere einfache M\u00f6glichkeiten, die Software auf Ihrem iOS-Ger\u00e4t zu installieren. Sie k\u00f6nnen einfach auf die entsprechende Schaltfl\u00e4che auf der offiziellen Website klicken und die PWA herunterladen oder die folgenden Aktionen durchf\u00fchren:<\/p>\n<ol>\n<li>\u00d6ffnen Sie Ihren Safari-Browser.<\/li>\n<li>Klicken Sie auf die Schaltfl\u00e4che \u201eTeilen\u201c.<\/li>\n<li>W\u00e4hlen Sie \u201eZum Startbildschirm hinzuf\u00fcgen\u201c.<\/li>\n<li>Geben Sie den Namen f\u00fcr Ihr Symbol ein.<\/li>\n<\/ol>\n<p>Die Installation dauert weniger als eine Minute, stellen Sie also sicher, dass Ihre Internetverbindung zuverl\u00e4ssig ist.<\/p>\n<p>Das Coolzino-Anwendungssymbol wird nach der Installation auf Ihrem Startbildschirm angezeigt. Starten und spielen Sie mit der Software, indem Sie darauf tippen.<\/p>\n<h3>Optimierung f\u00fcr iOS<\/h3>\n<p>Die Coolzino-App f\u00fcr iOS bietet folgende Vorteile:<\/p>\n<ul>\n<li>Akku-Optimierung f\u00fcr l\u00e4ngere Spielesessions, ohne das Smartphone zu ersch\u00f6pfen.<\/li>\n<li>Fl\u00fcssige Animationen und intuitive Touch-Steuerung f\u00fcr ein fesselndes Gameplay.<\/li>\n<li>Regelm\u00e4\u00dfige Updates \u00fcber den App Store gew\u00e4hrleisten die Kompatibilit\u00e4t mit den neuesten iOS-Versionen und f\u00fcgen neue Funktionen und Verbesserungen hinzu.<\/li>\n<\/ul>\n<p>Die Coolzino Online Casino App bringt hochwertige Online-Casino-Action auf Ihr iPhone oder iPad mit reibungsloser Leistung und intuitivem Design.<\/p>\n<p><img loading=\"lazy\" decoding=\"async\" class=\"alignnone size-full wp-image-1944\" src=\"https:\/\/coolzinoplay.com\/wp-content\/uploads\/2026\/03\/Coolzino-iOS-App.webp\" alt=\"Coolzino iOS App\" width=\"1248\" height=\"536\" srcset=\"https:\/\/coolzinoplay.com\/wp-content\/uploads\/2026\/03\/Coolzino-iOS-App.webp 1248w, https:\/\/coolzinoplay.com\/wp-content\/uploads\/2026\/03\/Coolzino-iOS-App-300x129.webp 300w, https:\/\/coolzinoplay.com\/wp-content\/uploads\/2026\/03\/Coolzino-iOS-App-1024x440.webp 1024w, https:\/\/coolzinoplay.com\/wp-content\/uploads\/2026\/03\/Coolzino-iOS-App-768x330.webp 768w\" sizes=\"auto, (max-width: 1248px) 100vw, 1248px\" \/><\/p>\n<\/div><\/div><div style=\"clear: both\"><\/div><div class=\"d-flex justify-content-center\"><button data-item=\"decouvrez_link\" data-group=\"website_links\" class=\"goto fw-bold rounded-pill btn btn-orange\" aria-label=\"Coolzino herunterladen\" >Coolzino herunterladen<\/button><\/div><div class=\"scrollable-content-wrap my-5\"><div class=\"scrollable-content-inner\"><h2>Coolzino Casino Anwendung f\u00fcr Windows\/Mac OS<\/h2>\n<p>Desktop-Nutzer haben viele einfache M\u00f6glichkeiten, auf Cool Zino zuzugreifen:<\/p>\n<h3>Browserzugriff<\/h3>\n<p>Der einfachste Weg, Cool Zino Casino auf Windows und macOS zu besuchen, ist \u00fcber Ihren bevorzugten Online-Browser:<\/p>\n<ol>\n<li>Starten Sie Chrome, Safari, Firefox, Edge usw.<\/li>\n<li>Besuchen Sie die Cool Zino-Website.<\/li>\n<li>Erstbesucher k\u00f6nnen ein Konto erstellen oder sich anmelden.<\/li>\n<li>Kein Download erforderlich, um das vollst\u00e4ndige Desktop-Casino-Erlebnis zu spielen.<\/li>\n<\/ol>\n<p>Die Browserversion hat dieselben Spiele und Funktionen wie die mobilen Apps und passt sich Ihrer Bildschirmgr\u00f6\u00dfe an.<\/p>\n<h3>Desktop-Anwendung<\/h3>\n<p>F\u00fcr engagierte Desktop-Nutzer:<\/p>\n<ol>\n<li>Gehen Sie zu Coolzino Casino auf Windows oder macOS.<\/li>\n<li>Suchen Sie den Bereich \u201eCasino App\u201c im unteren oder Hauptmen\u00fc.<\/li>\n<li>Laden Sie das OS-spezifische Installationsprogramm herunter.<\/li>\n<li>Schlie\u00dfen Sie die Einrichtung ab, indem Sie das Installationsprogramm ausf\u00fchren und den Anweisungen auf dem Bildschirm folgen.<\/li>\n<li>Starten Sie es \u00fcber Ihre Desktop-Verkn\u00fcpfung oder Ihren Programmenordner.<\/li>\n<\/ol>\n<p>Die Desktop-Software bietet schnellere Ladezeiten, automatische Updates sowie Benachrichtigungen \u00fcber Promotionen und Turniere.<\/p>\n<p><img loading=\"lazy\" decoding=\"async\" class=\"alignnone size-full wp-image-1952\" src=\"https:\/\/coolzinoplay.com\/wp-content\/uploads\/2026\/03\/Coolzino-Desktop.webp\" alt=\"Coolzino Desktop\" width=\"1248\" height=\"536\" srcset=\"https:\/\/coolzinoplay.com\/wp-content\/uploads\/2026\/03\/Coolzino-Desktop.webp 1248w, https:\/\/coolzinoplay.com\/wp-content\/uploads\/2026\/03\/Coolzino-Desktop-300x129.webp 300w, https:\/\/coolzinoplay.com\/wp-content\/uploads\/2026\/03\/Coolzino-Desktop-1024x440.webp 1024w, https:\/\/coolzinoplay.com\/wp-content\/uploads\/2026\/03\/Coolzino-Desktop-768x330.webp 768w\" sizes=\"auto, (max-width: 1248px) 100vw, 1248px\" \/><\/p>\n<\/div><\/div><div style=\"clear: both\"><\/div><div class=\"d-flex justify-content-center\"><button data-item=\"decouvrez_link\" data-group=\"website_links\" class=\"goto fw-bold rounded-pill btn btn-orange\" aria-label=\"Laden Sie die Coolzino-App herunter\" >Laden Sie die Coolzino-App herunter<\/button><\/div><div class=\"scrollable-content-wrap my-5\"><div class=\"scrollable-content-inner\"><h2>H\u00e4ufig gestellte Fragen<\/h2>\n<h3>Ist der Kundenservice \u00fcber die Coolzino Casino App erreichbar?<\/h3>\n<p>Ja, die Anwendung bietet umfassende Kundenbetreuung. Qualifizierte Support-Mitarbeiter beantworten Fragen zu Konten, Auszahlungen und Spielen per 24\/7 Live-Chat-Hilfe mit wenigen Fingertipps. E-Mail-Hilfe f\u00fcr komplizierte Anfragen und ein umfassender FAQ-Bereich sind ebenfalls in der Anwendung verf\u00fcgbar.<\/p>\n<h3>Gibt es eine Cool Zino Casino App f\u00fcr Windows und macOS?<\/h3>\n<p>Unser Online-Casino unterst\u00fctzt Windows- und macOS-Desktops. Die meisten Desktop-Benutzer bevorzugen die browserbasierte Version, die keine Downloads erfordert.<\/p>\n<h3>Ben\u00f6tige ich ein Konto, um die Coolzino-App nutzen zu k\u00f6nnen?<\/h3>\n<p>Sie ben\u00f6tigen ein Konto, um die CoolZino-Anwendung vollst\u00e4ndig nutzen zu k\u00f6nnen. Die App kann ohne Registrierung heruntergeladen und installiert werden, aber Sie m\u00fcssen sich anmelden, um Spiele zu spielen, Boni zu beanspruchen oder Einzahlungen zu t\u00e4tigen. Der Anmeldevorgang dauert nur wenige Minuten und erfordert nur minimale Informationen. Ihre registrierten Kontodaten funktionieren plattform\u00fcbergreifend und bieten reibungsloses mobiles und Desktop-Gaming.<\/p>\n<h3>Kann ich Live-Casino-Spiele in der Cool Zino Casino App spielen?<\/h3>\n<p>Ja, die Cool Zino Casino-Anwendung bietet mehrere Live-Casino-Spiele. Spieler k\u00f6nnen echte Dealer in HD auf ihre Mobilger\u00e4te streamen und so realistische Casino-Erlebnisse genie\u00dfen. Blackjack, Roulette, Baccarat und verschiedene Pokervarianten sind im Live-Casino der App mit erfahrenen Dealern und interaktivem Gaming verf\u00fcgbar. Live-Streaming funktioniert dank mobiler Optimierung auch gut in 4G-Netzwerken.<\/p>\n<h3>Sind alle Spiele in der App verf\u00fcgbar?<\/h3>\n<p>Die Coolzino mobile Anwendung bietet die meisten Spiele der Webseite an. Die App bietet \u00fcber 6.000 Slots, Tischspiele und Live-Dealer-Spiele von Top-Anbietern. Einige \u00e4ltere Spiele, die nicht mobil optimiert sind, sind m\u00f6glicherweise nur auf dem PC verf\u00fcgbar. W\u00f6chentlich werden neue mobil optimierte Spiele in die Anwendung eingef\u00fchrt, um mobilen Benutzern die neuesten Gaming-Fortschritte zu bieten.<\/p>\n<h3>Wie aktualisiere ich die Cool Zino Casino App?<\/h3>\n<p>Coolzino Casino Software-Updates sind einfach und notwendig f\u00fcr eine optimale Leistung. Die Software f\u00fcr Android und iOS wird in der Regel automatisch aktualisiert, wenn Sie unsere PWA installieren oder ein Shortcut-Symbol hinzuf\u00fcgen.<\/p>\n<h3>Wie kann ich Gewinne \u00fcber die App abheben?<\/h3>\n<p>Mit der Cool Zino Casino-App ist die Auszahlung von Gewinnen sicher und einfach. Gehen Sie in der App auf Banking und klicken Sie auf Auszahlen. W\u00e4hlen Sie eine Auszahlungsmethode aus Bank\u00fcberweisungen, E-Wallets und Kredit-\/Debitkarten. Geben Sie den Auszahlungsbetrag ein (wie erforderlich) und best\u00e4tigen Sie. Die meisten Abhebungsantr\u00e4ge werden innerhalb von 24 Stunden bearbeitet, wobei die Zeiten f\u00fcr die verschiedenen Zahlungsmethoden variieren. Die Zahlungsinformationen werden sicher gespeichert, um zuk\u00fcnftige Abhebungen zu beschleunigen.<\/p>\n<h3>Kann ich \u00fcber die Anwendung eine Einzahlung vornehmen?<\/h3>\n<p>Ja, es ist m\u00f6glich, Ihr Konto \u00fcber die App aufzuladen. Die blitzschnelle Einzahlung macht Ihr Erlebnis wirklich sicher und bequem. Sie m\u00fcssen einfach zum entsprechenden Abschnitt gehen und die bevorzugte Zahlungsmethode ausw\u00e4hlen.<\/p>\n<\/div><\/div><\/p>\n","protected":false},"excerpt":{"rendered":"<p>Coolzino Casino App Die Coolzino Casino App garantiert ein sicheres und unterhaltsames mobiles Spielen von zu Hause aus. Wir r\u00fchmen uns mit nahtloser Optimierung, so dass Spieler ununterbrochene Sitzungen auf jedem Ger\u00e4t, Android oder iOS, genie\u00dfen k\u00f6nnen. Mit der Cool Zino Mobile App haben Sie schnellen Zugriff auf Tausende von spannenden Spielen und lukrativen Boni, [&hellip;]<\/p>\n","protected":false},"author":1,"featured_media":0,"parent":0,"menu_order":0,"comment_status":"closed","ping_status":"closed","template":"template-builder.php","meta":{"_acf_changed":false,"inline_featured_image":false,"footnotes":""},"class_list":["post-1442","page","type-page","status-publish","hentry"],"acf":[],"yoast_head":"<!-- This site is optimized with the Yoast SEO plugin v27.3 - https:\/\/yoast.com\/product\/yoast-seo-wordpress\/ -->\n<title>Coolzino Casino App \u2013 Android &amp; iOS | 6000+ Spiele &amp; Boni<\/title>\n<meta name=\"description\" content=\"Spiele 6000+ Slots, Tischspiele &amp; Live-Dealer auf Android, iOS, Windows &amp; macOS mit der Coolzino Casino App. Willkommensboni, schnelle Auszahlungen &amp; Support 24\/7\" \/>\n<meta name=\"robots\" content=\"index, follow, max-snippet:-1, max-image-preview:large, max-video-preview:-1\" \/>\n<link rel=\"canonical\" href=\"https:\/\/coolzinoplay.com\/de\/app\/\" \/>\n<meta property=\"og:locale\" content=\"de_DE\" \/>\n<meta property=\"og:type\" content=\"article\" \/>\n<meta property=\"og:title\" content=\"Coolzino Casino App \u2013 Android &amp; iOS | 6000+ Spiele &amp; Boni\" \/>\n<meta property=\"og:description\" content=\"Spiele 6000+ Slots, Tischspiele &amp; Live-Dealer auf Android, iOS, Windows &amp; macOS mit der Coolzino Casino App. Willkommensboni, schnelle Auszahlungen &amp; Support 24\/7\" \/>\n<meta property=\"og:url\" content=\"https:\/\/coolzinoplay.com\/de\/app\/\" \/>\n<meta property=\"og:site_name\" content=\"coolzino\" \/>\n<meta property=\"article:modified_time\" content=\"2026-03-13T06:18:31+00:00\" \/>\n<meta name=\"twitter:card\" content=\"summary_large_image\" \/>\n<meta name=\"twitter:label1\" content=\"Gesch\u00e4tzte Lesezeit\" \/>\n\t<meta name=\"twitter:data1\" content=\"3\u00a0Minuten\" \/>\n<script type=\"application\/ld+json\" class=\"yoast-schema-graph\">{\"@context\":\"https:\\\/\\\/schema.org\",\"@graph\":[{\"@type\":\"WebPage\",\"@id\":\"https:\\\/\\\/coolzinoplay.com\\\/de\\\/app\\\/\",\"url\":\"https:\\\/\\\/coolzinoplay.com\\\/de\\\/app\\\/\",\"name\":\"Coolzino Casino App \u2013 Android & iOS | 6000+ Spiele & Boni\",\"isPartOf\":{\"@id\":\"https:\\\/\\\/coolzinoplay.com\\\/de\\\/#website\"},\"datePublished\":\"2026-01-20T12:08:23+00:00\",\"dateModified\":\"2026-03-13T06:18:31+00:00\",\"description\":\"Spiele 6000+ Slots, Tischspiele & Live-Dealer auf Android, iOS, Windows & macOS mit der Coolzino Casino App. Willkommensboni, schnelle Auszahlungen & Support 24\\\/7\",\"breadcrumb\":{\"@id\":\"https:\\\/\\\/coolzinoplay.com\\\/de\\\/app\\\/#breadcrumb\"},\"inLanguage\":\"de\",\"potentialAction\":[{\"@type\":\"ReadAction\",\"target\":[\"https:\\\/\\\/coolzinoplay.com\\\/de\\\/app\\\/\"]}]},{\"@type\":\"BreadcrumbList\",\"@id\":\"https:\\\/\\\/coolzinoplay.com\\\/de\\\/app\\\/#breadcrumb\",\"itemListElement\":[{\"@type\":\"ListItem\",\"position\":1,\"name\":\"Coolzino\",\"item\":\"https:\\\/\\\/coolzinoplay.com\\\/de\\\/\"},{\"@type\":\"ListItem\",\"position\":2,\"name\":\"App\"}]},{\"@type\":\"WebSite\",\"@id\":\"https:\\\/\\\/coolzinoplay.com\\\/de\\\/#website\",\"url\":\"https:\\\/\\\/coolzinoplay.com\\\/de\\\/\",\"name\":\"Coolzino\",\"description\":\"\",\"publisher\":{\"@id\":\"https:\\\/\\\/coolzinoplay.com\\\/de\\\/#organization\"},\"potentialAction\":[{\"@type\":\"SearchAction\",\"target\":{\"@type\":\"EntryPoint\",\"urlTemplate\":\"https:\\\/\\\/coolzinoplay.com\\\/de\\\/?s={search_term_string}\"},\"query-input\":{\"@type\":\"PropertyValueSpecification\",\"valueRequired\":true,\"valueName\":\"search_term_string\"}}],\"inLanguage\":\"de\"},{\"@type\":\"Organization\",\"@id\":\"https:\\\/\\\/coolzinoplay.com\\\/de\\\/#organization\",\"name\":\"Coolzino\",\"url\":\"https:\\\/\\\/coolzinoplay.com\\\/de\\\/\",\"logo\":{\"@type\":\"ImageObject\",\"inLanguage\":\"de\",\"@id\":\"https:\\\/\\\/coolzinoplay.com\\\/de\\\/#\\\/schema\\\/logo\\\/image\\\/\",\"url\":\"https:\\\/\\\/coolzinoplay.com\\\/wp-content\\\/uploads\\\/2026\\\/03\\\/Logo-Desktop.png\",\"contentUrl\":\"https:\\\/\\\/coolzinoplay.com\\\/wp-content\\\/uploads\\\/2026\\\/03\\\/Logo-Desktop.png\",\"width\":208,\"height\":42,\"caption\":\"Coolzino\"},\"image\":{\"@id\":\"https:\\\/\\\/coolzinoplay.com\\\/de\\\/#\\\/schema\\\/logo\\\/image\\\/\"}}]}<\/script>\n<!-- \/ Yoast SEO plugin. -->","yoast_head_json":{"title":"Coolzino Casino App \u2013 Android & iOS | 6000+ Spiele & Boni","description":"Spiele 6000+ Slots, Tischspiele & Live-Dealer auf Android, iOS, Windows & macOS mit der Coolzino Casino App. Willkommensboni, schnelle Auszahlungen & Support 24\/7","robots":{"index":"index","follow":"follow","max-snippet":"max-snippet:-1","max-image-preview":"max-image-preview:large","max-video-preview":"max-video-preview:-1"},"canonical":"https:\/\/coolzinoplay.com\/de\/app\/","og_locale":"de_DE","og_type":"article","og_title":"Coolzino Casino App \u2013 Android & iOS | 6000+ Spiele & Boni","og_description":"Spiele 6000+ Slots, Tischspiele & Live-Dealer auf Android, iOS, Windows & macOS mit der Coolzino Casino App. Willkommensboni, schnelle Auszahlungen & Support 24\/7","og_url":"https:\/\/coolzinoplay.com\/de\/app\/","og_site_name":"coolzino","article_modified_time":"2026-03-13T06:18:31+00:00","twitter_card":"summary_large_image","twitter_misc":{"Gesch\u00e4tzte Lesezeit":"3\u00a0Minuten"},"schema":{"@context":"https:\/\/schema.org","@graph":[{"@type":"WebPage","@id":"https:\/\/coolzinoplay.com\/de\/app\/","url":"https:\/\/coolzinoplay.com\/de\/app\/","name":"Coolzino Casino App \u2013 Android & iOS | 6000+ Spiele & Boni","isPartOf":{"@id":"https:\/\/coolzinoplay.com\/de\/#website"},"datePublished":"2026-01-20T12:08:23+00:00","dateModified":"2026-03-13T06:18:31+00:00","description":"Spiele 6000+ Slots, Tischspiele & Live-Dealer auf Android, iOS, Windows & macOS mit der Coolzino Casino App. Willkommensboni, schnelle Auszahlungen & Support 24\/7","breadcrumb":{"@id":"https:\/\/coolzinoplay.com\/de\/app\/#breadcrumb"},"inLanguage":"de","potentialAction":[{"@type":"ReadAction","target":["https:\/\/coolzinoplay.com\/de\/app\/"]}]},{"@type":"BreadcrumbList","@id":"https:\/\/coolzinoplay.com\/de\/app\/#breadcrumb","itemListElement":[{"@type":"ListItem","position":1,"name":"Coolzino","item":"https:\/\/coolzinoplay.com\/de\/"},{"@type":"ListItem","position":2,"name":"App"}]},{"@type":"WebSite","@id":"https:\/\/coolzinoplay.com\/de\/#website","url":"https:\/\/coolzinoplay.com\/de\/","name":"Coolzino","description":"","publisher":{"@id":"https:\/\/coolzinoplay.com\/de\/#organization"},"potentialAction":[{"@type":"SearchAction","target":{"@type":"EntryPoint","urlTemplate":"https:\/\/coolzinoplay.com\/de\/?s={search_term_string}"},"query-input":{"@type":"PropertyValueSpecification","valueRequired":true,"valueName":"search_term_string"}}],"inLanguage":"de"},{"@type":"Organization","@id":"https:\/\/coolzinoplay.com\/de\/#organization","name":"Coolzino","url":"https:\/\/coolzinoplay.com\/de\/","logo":{"@type":"ImageObject","inLanguage":"de","@id":"https:\/\/coolzinoplay.com\/de\/#\/schema\/logo\/image\/","url":"https:\/\/coolzinoplay.com\/wp-content\/uploads\/2026\/03\/Logo-Desktop.png","contentUrl":"https:\/\/coolzinoplay.com\/wp-content\/uploads\/2026\/03\/Logo-Desktop.png","width":208,"height":42,"caption":"Coolzino"},"image":{"@id":"https:\/\/coolzinoplay.com\/de\/#\/schema\/logo\/image\/"}}]}},"_links":{"self":[{"href":"https:\/\/coolzinoplay.com\/de\/wp-json\/wp\/v2\/pages\/1442","targetHints":{"allow":["GET"]}}],"collection":[{"href":"https:\/\/coolzinoplay.com\/de\/wp-json\/wp\/v2\/pages"}],"about":[{"href":"https:\/\/coolzinoplay.com\/de\/wp-json\/wp\/v2\/types\/page"}],"author":[{"embeddable":true,"href":"https:\/\/coolzinoplay.com\/de\/wp-json\/wp\/v2\/users\/1"}],"replies":[{"embeddable":true,"href":"https:\/\/coolzinoplay.com\/de\/wp-json\/wp\/v2\/comments?post=1442"}],"version-history":[{"count":3,"href":"https:\/\/coolzinoplay.com\/de\/wp-json\/wp\/v2\/pages\/1442\/revisions"}],"predecessor-version":[{"id":1998,"href":"https:\/\/coolzinoplay.com\/de\/wp-json\/wp\/v2\/pages\/1442\/revisions\/1998"}],"wp:attachment":[{"href":"https:\/\/coolzinoplay.com\/de\/wp-json\/wp\/v2\/media?parent=1442"}],"curies":[{"name":"wp","href":"https:\/\/api.w.org\/{rel}","templated":true}]}}